{"id":19670,"date":"2025-07-11T12:22:56","date_gmt":"2025-07-11T12:22:56","guid":{"rendered":"https:\/\/www.seventhstreet.it\/?page_id=19670"},"modified":"2025-07-11T12:22:57","modified_gmt":"2025-07-11T12:22:57","slug":"privacy-policy","status":"publish","type":"page","link":"https:\/\/www.seventhstreet.it\/de\/privacy-policy\/","title":{"rendered":"Privacy policy"},"content":{"rendered":"\n<div class=\"legalPage\">\n\t<div class=\"legalpageContent\">\n\t\t<h2>DATENSCHUTZERKL\u00c4RUNG \u2013 WEBSITE<br \/>SEVENTH STREET.COM<\/h2>\n\t\t<h3>Art. 13 der Verordnung 2016\/679\/EU (\u201eDSGVO\u201c)<\/h3>\n\t\t<p>\n\t\t\tDiese Datenschutzerkl\u00e4rung erl\u00e4utert die Art und den Zweck der von Safilo S.p.A. als Verantwortlicher (im Folgenden \u201eGesellschaft\u201c oder \u201eVerantwortlicher\u201c) durchgef\u00fchrten Datenverarbeitung im\n\t\t\tRahmen der Nutzung der Website <a href=\"https:\/\/www.seventhstreet.it\/\">https:\/\/www.seventhstreet.it\/<\/a> (im Folgenden \u201eWebsite\u201c).<br \/>Insbesondere m\u00f6chte der Verantwortliche auf dieser Seite\n\t\t\tInformationen \u00fcber die Verarbeitung personenbezogener Daten von Personen (im Folgenden \u201eNutzer\u201c oder \u201eBetroffene\u201c) bereitstellen, die die Website besuchen, einsehen oder mit ihr interagieren.<br \/>Diese\n\t\t\tErkl\u00e4rung gilt ausschlie\u00dflich f\u00fcr die Website des Verantwortlichen sowie alle damit verbundenen Unterseiten\/-bereiche und nicht f\u00fcr andere Websites, die der Nutzer \u00fcber bereitgestellte Links\n\t\t\taufrufen k\u00f6nnte (f\u00fcr diese wird auf deren jeweilige Datenschutzinformationen verwiesen).<br \/>Die Vervielf\u00e4ltigung oder Nutzung der Seiten, Materialien und Informationen auf der Website, mit\n\t\t\twelchen Mitteln oder auf welchem Tr\u00e4ger auch immer, ist ohne vorherige schriftliche Zustimmung der Gesellschaft nicht gestattet.<br \/>Das Kopieren und\/oder Ausdrucken von Inhalten der Website\n\t\t\tist nur f\u00fcr den pers\u00f6nlichen und nicht kommerziellen Gebrauch erlaubt (f\u00fcr Anfragen und Kl\u00e4rungen wenden Sie sich bitte an den Verantwortlichen unter den unten angegebenen Kontaktdaten). Andere\n\t\t\tNutzungen der Inhalte, Dienste und Informationen auf der Website sind nicht gestattet.\n\t\t<\/p>\n\t\t<h3>1. Verantwortlicher f\u00fcr die Datenverarbeitung und Datenschutzbeauftragter<\/h3>\n\t\t<p>\n\t\t\tVerantwortlicher f\u00fcr die Datenverarbeitung ist Safilo S.p.A., mit Sitz in Settima Strada 15, 35129 Padua, Italien.<br \/>Der bestellte Datenschutzbeauftragte (\u201eDPO\u201c) ist unter der E-Mail-Adresse\n\t\t\tdpo@safilo.com erreichbar.\n\t\t<\/p>\n\t\t<h3>2. Zweck der Verarbeitung und Rechtsgrundlage<\/h3>\n\t\t<p>Personenbezogene Daten werden zu folgenden Zwecken verarbeitet:<\/p>\n\t\t<ol>\n\t\t\t<li>\n\t\t\t\tSicherstellung des ordnungsgem\u00e4\u00dfen Betriebs der Website durch den Verantwortlichen.<br \/>Rechtsgrundlage: berechtigtes Interesse des Verantwortlichen (Art. 6 Abs. 1 Buchst. f DSGVO) an einem\n\t\t\t\tkorrekten Betrieb der Website und der Erm\u00f6glichung der Navigation f\u00fcr die Nutzer.<br \/>Die Bereitstellung der personenbezogenen Daten ist freiwillig; im Falle einer Verweigerung kann es jedoch\n\t\t\t\tsein, dass der Betroffene die Website nicht ordnungsgem\u00e4\u00df nutzen kann.\n\t\t\t<\/li>\n\t\t\t<li>\n\t\t\t\tVerwaltung und Beantwortung von Kontakt- oder Informationsanfragen, die der Nutzer \u00fcber die auf den Seiten \u201eKontakt\u201c und \u201eH\u00e4ndler\u201c bereitgestellten Formulare stellt.<br \/>Rechtsgrundlage:\n\t\t\t\tDurchf\u00fchrung vorvertraglicher Ma\u00dfnahmen auf Anfrage des Betroffenen (Art. 6 Abs. 1 Buchst. b DSGVO).<br \/>Die Bereitstellung der personenbezogenen Daten ist freiwillig; ohne diese Daten kann\n\t\t\t\tder Verantwortliche die Anfrage nicht bearbeiten.\n\t\t\t<\/li>\n\t\t\t<li>\n\t\t\t\tVersand des Newsletters an den Nutzer, der diesen \u00fcber das entsprechende Anmeldeformular angefordert hat.<br \/>Rechtsgrundlage: ausdr\u00fcckliche Einwilligung des Betroffenen (Art. 6 Abs. 1\n\t\t\t\tBuchst. a DSGVO).<br \/>Die Bereitstellung der personenbezogenen Daten ist freiwillig, und die Einwilligung kann jederzeit widerrufen werden, ohne dass dies die Rechtm\u00e4\u00dfigkeit der bis zum\n\t\t\t\tWiderruf erfolgten Verarbeitung beeintr\u00e4chtigt.\n\t\t\t<\/li>\n\t\t\t<li>\n\t\t\t\tErm\u00f6glichung des Verantwortlichen, seine Rechte und Interessen auch vor den zust\u00e4ndigen Gerichten geltend zu machen, festzustellen und zu verteidigen.<br \/>Rechtsgrundlage: berechtigtes\n\t\t\t\tInteresse des Verantwortlichen (Art. 6 Abs. 1 Buchst. f DSGVO) zum Schutz seiner Rechte in allen zust\u00e4ndigen Instanzen.\n\t\t\t<\/li>\n\t\t\t<li>\n\t\t\t\tErf\u00fcllung gesetzlicher Verpflichtungen, denen der Verantwortliche unterliegt.<br \/>Rechtsgrundlage: Erf\u00fcllung einer rechtlichen Verpflichtung, der der Verantwortliche unterliegt (Art. 6 Abs. 1\n\t\t\t\tBuchst. c DSGVO).<br \/>Die Datenverarbeitung ist erforderlich, und ohne die Bereitstellung der Daten kann die Gesellschaft ihre gesetzlichen Verpflichtungen nicht erf\u00fcllen.\n\t\t\t<\/li>\n\t\t<\/ol>\n\t\t<h3>3. Art der Datenverarbeitung<\/h3>\n\t\t<p>\n\t\t\tDie Verarbeitung erfolgt mit Hilfe elektronischer oder automatisierter Mittel durch den Verantwortlichen und\/oder durch Dritte, die dieser zur Speicherung, Verwaltung und \u00dcbermittlung der Daten\n\t\t\teinsetzt. Die Verarbeitung erfolgt durch Organisation und logische Auswertung der personenbezogenen Daten des Nutzers, auch im Zusammenhang mit Logdateien, die beim Zugriff und bei der Nutzung\n\t\t\tder \u00fcber das Web angebotenen Dienste, Produkte und Services entstehen, entsprechend den oben genannten Zwecken und in jedem Fall so, dass die Sicherheit und Vertraulichkeit der Daten\n\t\t\tgew\u00e4hrleistet ist.\n\t\t<\/p>\n\t\t<h3>4. Aufbewahrung personenbezogener Daten<\/h3>\n\t\t<p>\n\t\t\tDie personenbezogenen Daten werden nur so lange aufbewahrt, wie es f\u00fcr die Erreichung der Zwecke, f\u00fcr die sie erhoben und verarbeitet wurden, erforderlich ist. Abgesehen von der Notwendigkeit,\n\t\t\tDaten zur Erf\u00fcllung gesetzlicher Verpflichtungen des Verantwortlichen aufzubewahren oder zur Geltendmachung oder Verteidigung eigener Rechte, werden die Nutzerdaten nicht l\u00e4nger als:\n\t\t<\/p>\n\t\t<ul>\n\t\t\t<li>\n\t\t\t\tF\u00fcr die Navigationsdaten [24 Monate] ab dem Zeitpunkt der Erhebung, im Zusammenhang mit der Gew\u00e4hrleistung des ordnungsgem\u00e4\u00dfen Betriebs der Website durch den Verantwortlichen (Zweck Nr. 1);\n\t\t\t<\/li>\n\t\t\t<li>24 Monate nach der Antwort an den Nutzer im Zusammenhang mit der Bearbeitung von Kontakt- und Informationsanfragen, die \u00fcber die Formulare der Website eingereicht wurden (Zweck Nr. 2);<\/li>\n\t\t\t<li>\n\t\t\t\t24 Monate ab Einwilligungserteilung durch den Betroffenen im Zusammenhang mit dem Versand des Newsletters (Zweck Nr. 3), vorbehaltlich der M\u00f6glichkeit der Erneuerung der Einwilligung bzw. des\n\t\t\t\tWiderrufs durch den Betroffenen;\n\t\t\t<\/li>\n\t\t\t<li>die gesetzlichen und verj\u00e4hrungsrechtlichen Fristen im Zusammenhang mit den Zwecken Nr. 4 und 5.<\/li>\n\t\t<\/ul>\n\t\t<h3>5. Cookies<\/h3>\n\t\t<p>\n\t\t\tEin Cookie ist eine kurze Textzeichenfolge, die an den Browser des Nutzers gesendet und eventuell auf dem Computer (alternativ Smartphone\/Tablet oder anderen f\u00fcr den Internetzugang genutzten\n\t\t\tGer\u00e4ten) gespeichert wird; diese \u00dcbertragung erfolgt \u00fcblicherweise bei jedem Besuch einer Website.<br \/>Cookies, die auf dem Ger\u00e4t des Nutzers gespeichert sind, k\u00f6nnen nicht verwendet werden, um\n\t\t\tDaten von der Festplatte abzurufen, Computerviren zu \u00fcbertragen oder die E-Mail-Adresse des Nutzers zu identifizieren oder zu verwenden. Jeder Cookie ist einzigartig in Bezug auf den Browser und\n\t\t\tdas Ger\u00e4t, mit dem auf die Website des Verantwortlichen zugegriffen wird.<br \/>Zweck der Cookies, einschlie\u00dflich sogenannter \u201ePixel und\/oder Web-Beacons\u201c, ist es im Allgemeinen, die\n\t\t\tFunktionalit\u00e4t der Website und das Nutzungserlebnis der Nutzer zu verbessern. Diese Cookies helfen zu verstehen, wie Nutzer die Website verwenden, um deren Funktionalit\u00e4t zu bewerten und zu\n\t\t\tverbessern sowie Inhalte besser an die Pr\u00e4ferenzen anzupassen. Analytische Cookies erm\u00f6glichen z.B. die Ermittlung der meist- und wenigstbesuchten Seiten, die Anzahl der Besucher, die\n\t\t\tdurchschnittliche Verweildauer und wie die Besucher auf die Website gelangen. So k\u00f6nnen Inhalte optimiert und angepasst werden.<br \/>Zur Analyse der Nutzung der Website nutzt die Gesellschaft\n\t\t\tDienste Dritter, die Daten sammeln, aggregieren und auswerten, um ein besseres Verst\u00e4ndnis der Nutzung zu erhalten. Diese Cookies haben eine begrenzte Lebensdauer. Die gesammelten Informationen\n\t\t\twerden vom Verantwortlichen in aggregierter und\/oder pseudonymisierter Form verwendet, z.B. zur \u00dcberwachung und Analyse der Website-Nutzung, zur Verbesserung der Funktionalit\u00e4t sowie zur Auswahl\n\t\t\tvon Inhalten und Gestaltung, um die Bed\u00fcrfnisse der Besucher besser zu erf\u00fcllen.<br \/>Falls Nutzer aus irgendwelchen Gr\u00fcnden die Aktivierung dieser speziellen Cookies verhindern m\u00f6chten, stellt\n\t\t\tGoogle ein kostenloses Opt-out-Add-on zur Verf\u00fcgung, das in den g\u00e4ngigen Browsern installiert werden kann (siehe\n\t\t\t<a href=\"https:\/\/tools.google.com\/dlpage\/gaoptout\">https:\/\/tools.google.com\/dlpage\/gaoptout<\/a>).<br \/>Weitere Informationen dar\u00fcber, was Cookies sind und wie sie funktionieren, sind auf der\n\t\t\tWebsite \u201eAll about cookies\u201c unter folgendem Link verf\u00fcgbar: <a href=\"http:\/\/www.allaboutcookies.org\">http:\/\/www.allaboutcookies.org<\/a>.<br \/>Wenn der Nutzer Cookies auf der Website blockieren\n\t\t\toder l\u00f6schen m\u00f6chte, kann er dies durch \u00c4nderung der Browsereinstellungen tun.<br \/>W\u00e4hlt der Nutzer jedoch die Deaktivierung aller Cookies, werden auch notwendige, funktionale und\n\t\t\tPerformance-Cookies blockiert, was die Navigation auf der Website beeintr\u00e4chtigen kann.<br \/>Detaillierte Informationen zu den auf der Website verwendeten Cookies finden Sie in der\n\t\t\tCookie-Richtlinie unter folgendem Link:\n\t\t\t<a href=\"https:\/\/www.seventhstreet.it\/\">https:\/\/www.seventhstreet.it\/<\/a>\n\t\t<\/p>\n\t\t<h3>6. Interaktion mit sozialen Netzwerken und externen Plattformen<\/h3>\n\t\t<p>\n\t\t\tDie Website kann \u00fcber Widgets und Schaltfl\u00e4chen mit externen Plattformen und sozialen Netzwerken interagieren. In diesem Fall h\u00e4ngen die erfassten Informationen von den Profileinstellungen des\n\t\t\tNutzers auf den jeweiligen sozialen Netzwerken ab und nicht vom Betreiber der Website, insbesondere wenn der Nutzer mit einem aktiven Profil bei diesen Plattformen angemeldet ist.<br \/>Verbindungen\n\t\t\tzu Instagram\u00ae oder anderen sozialen Netzwerken erm\u00f6glichen dem Nutzer die Interaktion mit den auf den sozialen Netzwerken pr\u00e4sentierten Seiten von Seventh Street und das Teilen von Ideen,\n\t\t\tMeinungen oder Inhalten der Website mit den jeweiligen sozialen Plattformen, die dabei personenbezogene Daten des Betroffenen erfassen k\u00f6nnen. Es wird darauf hingewiesen, dass Nutzer beim Besuch\n\t\t\tder offiziellen Seiten von Seventh Street in sozialen Netzwerken Inhalte \u00f6ffentlich im Internet einstellen k\u00f6nnen. Vor der Interaktion mit diesen Bereichen sollten die allgemeinen\n\t\t\tNutzungsbedingungen der sozialen Medien sorgf\u00e4ltig gelesen werden, da unter bestimmten Umst\u00e4nden die ver\u00f6ffentlichten Informationen von jedermann eingesehen und s\u00e4mtliche eingegebenen Inhalte\n\t\t\tvon Dritten gelesen, gesammelt und genutzt werden k\u00f6nnen. Weitere Informationen sind auf den Websites der jeweiligen Dienstanbieter verf\u00fcgbar.<br \/>Es wird klargestellt, dass in diesem\n\t\t\tZusammenhang w\u00e4hrend der Nutzung die personenbezogenen Daten des Nutzers nicht vom Unternehmen verarbeitet werden; die Rolle des Unternehmens beschr\u00e4nkt sich darauf, die Verbindung \u00fcber diese\n\t\t\tSchaltfl\u00e4chen anzubieten, um dem Nutzer einen zus\u00e4tzlichen Service bereitzustellen, ohne Kontrolle dar\u00fcber auszu\u00fcben.\n\t\t<\/p>\n\t\t<h3>7. Empf\u00e4nger der Daten<\/h3>\n\t\t<p>\n\t\t\tZur Erreichung der oben genannten Zwecke k\u00f6nnen die personenbezogenen Daten des Nutzers mit den Mitarbeitern und Mitarbeitern des Unternehmens geteilt werden, die als Datenverarbeiter im Sinne\n\t\t\tvon Art. 29 DSGVO erm\u00e4chtigt sind.<br \/>Dar\u00fcber hinaus k\u00f6nnen die personenbezogenen Daten des Nutzers an folgende Kategorien von Empf\u00e4ngern weitergegeben werden: (i) Partner des Unternehmens;\n\t\t\t(ii) Dritte, die IT- und Telematikdienstleistungen erbringen (z.B. Hosting, Websiteverwaltung und -entwicklung, Zahlungsdienste), die Safilo f\u00fcr technische und organisatorische Aufgaben im\n\t\t\tZusammenhang mit dem Betrieb der Website nutzt; (iii) Kreditinstitute. Die genannten Empf\u00e4nger verarbeiten die personenbezogenen Daten entweder als eigenst\u00e4ndige Verantwortliche oder als\n\t\t\tAuftragsverarbeiter, letztere gem\u00e4\u00df Art. 28 DSGVO speziell benannt.<br \/>Schlie\u00dflich k\u00f6nnen die verarbeiteten personenbezogenen Daten an Stellen weitergegeben werden, deren Zugangsrecht durch\n\t\t\tgesetzliche Vorschriften oder beh\u00f6rdliche Anordnungen anerkannt ist.\n\t\t<\/p>\n\t\t<h3>8. Daten\u00fcbermittlung au\u00dferhalb der EU<\/h3>\n\t\t<p>\n\t\t\tZur Erreichung der oben genannten Zwecke k\u00f6nnen Daten au\u00dferhalb des Europ\u00e4ischen Wirtschaftsraums (EWR) \u00fcbertragen werden. In diesem Fall stellt der Verantwortliche sicher, dass die\n\t\t\tDaten\u00fcbermittlung auf Grundlage angemessener Garantien erfolgt, darunter Angemessenheitsbeschl\u00fcsse der Europ\u00e4ischen Kommission gem\u00e4\u00df Art. 45 DSGVO oder, falls nicht vorhanden,\n\t\t\tStandardvertragsklauseln oder andere geeignete Garantien gem\u00e4\u00df Art. 46 DSGVO sowie unter Vorliegen spezifischer Ausnahmen gem\u00e4\u00df Art. 49 DSGVO.<br \/>Der Nutzer kann unter der folgenden\n\t\t\tE-Mail-Adresse eine Kopie der f\u00fcr die Daten\u00fcbermittlung au\u00dferhalb des EWR gew\u00e4hrten Garantien anfordern: dataprotection@safilo.com.\n\t\t<\/p>\n\t\t<h3>9. Daten von Minderj\u00e4hrigen<\/h3>\n\t\t<p>\n\t\t\tDie Website richtet sich nicht an Personen unter 18 Jahren, und das Unternehmen erhebt nicht wissentlich personenbezogene Daten von Minderj\u00e4hrigen. Sollte versehentlich die Erfassung von Daten\n\t\t\tMinderj\u00e4hriger erfolgen, werden diese unverz\u00fcglich gel\u00f6scht, sobald das Unternehmen davon Kenntnis erlangt.\n\t\t<\/p>\n\t\t<h3>10. Rechte der Betroffenen<\/h3>\n\t\t<p>Nutzern stehen die in den Artikeln 15 bis 22 DSGVO vorgesehenen Rechte zu. Insbesondere hat der Nutzer das Recht,<\/p>\n\t\t<ul>\n\t\t\t<li>die Best\u00e4tigung zu verlangen, ob personenbezogene Daten verarbeitet werden, und gegebenenfalls Zugang zu den Informationen \u00fcber die Verarbeitung zu erhalten (Recht auf Auskunft);<\/li>\n\t\t\t<li>die Berichtigung unrichtiger oder unvollst\u00e4ndiger Daten zu verlangen (Recht auf Berichtigung);<\/li>\n\t\t\t<li>die L\u00f6schung der Daten zu verlangen (Recht auf L\u00f6schung);<\/li>\n\t\t\t<li>die Einschr\u00e4nkung der Verarbeitung zu verlangen (Recht auf Einschr\u00e4nkung der Verarbeitung);<\/li>\n\t\t\t<li>die \u00dcbermittlung der Daten in einem g\u00e4ngigen, maschinenlesbaren Format zu erhalten und deren \u00dcbertragung an einen anderen Verantwortlichen zu verlangen (Recht auf Daten\u00fcbertragbarkeit);<\/li>\n\t\t\t<li>jederzeit Widerspruch gegen die Verarbeitung personenbezogener Daten einzulegen, die auf Art. 6 Abs. 1 Buchstabe f DSGVO beruhen, einschlie\u00dflich Profiling (Recht auf Widerspruch);<\/li>\n\t\t\t<li>\n\t\t\t\tnicht einer ausschlie\u00dflich auf einer automatisierten Verarbeitung beruhenden Entscheidung unterworfen zu werden, einschlie\u00dflich Profiling, die rechtliche Wirkung entfaltet oder sie in\n\t\t\t\t\u00e4hnlicher Weise erheblich beeintr\u00e4chtigt;\n\t\t\t<\/li>\n\t\t\t<li>bei Verarbeitung auf Grundlage einer Einwilligung diese jederzeit zu widerrufen, ohne dass die Rechtm\u00e4\u00dfigkeit der bis zum Widerruf erfolgten Verarbeitung ber\u00fchrt wird.<\/li>\n\t\t<\/ul>\n\t\t<p>\n\t\t\tDer Nutzer kann diese Rechte durch eine Anfrage an den Verantwortlichen unter der E-Mail-Adresse <a href=\"mailto:dataprotection@safilo.com\">dataprotection@safilo.com<\/a> aus\u00fcben.<br \/>Sollte der\n\t\t\tNutzer der Ansicht sein, dass die Verarbeitung seiner Daten gegen die Datenschutzgesetze verst\u00f6\u00dft, steht ihm das Recht zu, eine Beschwerde bei der zust\u00e4ndigen Datenschutzaufsichtsbeh\u00f6rde\n\t\t\teinzureichen.\n\t\t<\/p>\n\t\t<h3>11. Aktualisierung der Datenschutzerkl\u00e4rung<\/h3>\n\t\t<p>Diese Datenschutzerkl\u00e4rung wurde zuletzt im Juli 2025 aktualisiert.<\/p>\n\t<\/div>\n<\/div>\n","protected":false},"excerpt":{"rendered":"<p>DATENSCHUTZERKL\u00c4RUNG \u2013 WEBSITESEVENTH STREET.COM Art. 13 der Verordnung 2016\/679\/EU (\u201eDSGVO\u201c) Diese Datenschutzerkl\u00e4rung erl\u00e4utert die Art und den Zweck der von Safilo S.p.A. als Verantwortlicher (im Folgenden \u201eGesellschaft\u201c oder \u201eVerantwortlicher\u201c) durchgef\u00fchrten Datenverarbeitung im Rahmen der Nutzung der Website https:\/\/www.seventhstreet.it\/ (im Folgenden \u201eWebsite\u201c).Insbesondere m\u00f6chte der Verantwortliche auf dieser Seite Informationen \u00fcber die Verarbeitung personenbezogener Daten von Personen [&hellip;]<\/p>\n","protected":false},"author":1,"featured_media":0,"parent":0,"menu_order":0,"comment_status":"closed","ping_status":"closed","template":"","meta":{"_acf_changed":false,"inline_featured_image":false,"footnotes":""},"class_list":["post-19670","page","type-page","status-publish","hentry"],"acf":[],"yoast_head":"<!-- This site is optimized with the Yoast SEO plugin v26.4 - https:\/\/yoast.com\/wordpress\/plugins\/seo\/ -->\n<title>Privacy policy - Seventh Street by Safilo<\/title>\n<meta name=\"robots\" content=\"index, follow, max-snippet:-1, max-image-preview:large, max-video-preview:-1\" \/>\n<link rel=\"canonical\" href=\"https:\/\/www.seventhstreet.it\/de\/privacy-policy\/\" \/>\n<meta property=\"og:locale\" content=\"de_DE\" \/>\n<meta property=\"og:type\" content=\"article\" \/>\n<meta property=\"og:title\" content=\"Privacy policy - Seventh Street by Safilo\" \/>\n<meta property=\"og:description\" content=\"DATENSCHUTZERKL\u00c4RUNG \u2013 WEBSITESEVENTH STREET.COM Art. 13 der Verordnung 2016\/679\/EU (\u201eDSGVO\u201c) Diese Datenschutzerkl\u00e4rung erl\u00e4utert die Art und den Zweck der von Safilo S.p.A. als Verantwortlicher (im Folgenden \u201eGesellschaft\u201c oder \u201eVerantwortlicher\u201c) durchgef\u00fchrten Datenverarbeitung im Rahmen der Nutzung der Website https:\/\/www.seventhstreet.it\/ (im Folgenden \u201eWebsite\u201c).Insbesondere m\u00f6chte der Verantwortliche auf dieser Seite Informationen \u00fcber die Verarbeitung personenbezogener Daten von Personen [&hellip;]\" \/>\n<meta property=\"og:url\" content=\"https:\/\/www.seventhstreet.it\/de\/privacy-policy\/\" \/>\n<meta property=\"og:site_name\" content=\"Seventh Street by Safilo\" \/>\n<meta property=\"article:modified_time\" content=\"2025-07-11T12:22:57+00:00\" \/>\n<meta name=\"twitter:card\" content=\"summary_large_image\" \/>\n<meta name=\"twitter:label1\" content=\"Gesch\u00e4tzte Lesezeit\" \/>\n\t<meta name=\"twitter:data1\" content=\"10\u00a0Minuten\" \/>\n<script type=\"application\/ld+json\" class=\"yoast-schema-graph\">{\"@context\":\"https:\/\/schema.org\",\"@graph\":[{\"@type\":\"WebPage\",\"@id\":\"https:\/\/www.seventhstreet.it\/de\/privacy-policy\/\",\"url\":\"https:\/\/www.seventhstreet.it\/de\/privacy-policy\/\",\"name\":\"Privacy policy - Seventh Street by Safilo\",\"isPartOf\":{\"@id\":\"https:\/\/www.seventhstreet.it\/de\/#website\"},\"datePublished\":\"2025-07-11T12:22:56+00:00\",\"dateModified\":\"2025-07-11T12:22:57+00:00\",\"inLanguage\":\"de\",\"potentialAction\":[{\"@type\":\"ReadAction\",\"target\":[\"https:\/\/www.seventhstreet.it\/de\/privacy-policy\/\"]}]},{\"@type\":\"WebSite\",\"@id\":\"https:\/\/www.seventhstreet.it\/de\/#website\",\"url\":\"https:\/\/www.seventhstreet.it\/de\/\",\"name\":\"Seventh Street by Safilo\",\"description\":\"\",\"publisher\":{\"@id\":\"https:\/\/www.seventhstreet.it\/de\/#organization\"},\"potentialAction\":[{\"@type\":\"SearchAction\",\"target\":{\"@type\":\"EntryPoint\",\"urlTemplate\":\"https:\/\/www.seventhstreet.it\/de\/?s={search_term_string}\"},\"query-input\":{\"@type\":\"PropertyValueSpecification\",\"valueRequired\":true,\"valueName\":\"search_term_string\"}}],\"inLanguage\":\"de\"},{\"@type\":\"Organization\",\"@id\":\"https:\/\/www.seventhstreet.it\/de\/#organization\",\"name\":\"Seventh Street by Safilo\",\"url\":\"https:\/\/www.seventhstreet.it\/de\/\",\"logo\":{\"@type\":\"ImageObject\",\"inLanguage\":\"de\",\"@id\":\"https:\/\/www.seventhstreet.it\/de\/#\/schema\/logo\/image\/\",\"url\":\"https:\/\/www.seventhstreet.it\/wp-content\/uploads\/2024\/02\/logo-safilo.svg\",\"contentUrl\":\"https:\/\/www.seventhstreet.it\/wp-content\/uploads\/2024\/02\/logo-safilo.svg\",\"width\":174,\"height\":46,\"caption\":\"Seventh Street by Safilo\"},\"image\":{\"@id\":\"https:\/\/www.seventhstreet.it\/de\/#\/schema\/logo\/image\/\"}}]}<\/script>\n<!-- \/ Yoast SEO plugin. -->","yoast_head_json":{"title":"Privacy policy - Seventh Street by Safilo","robots":{"index":"index","follow":"follow","max-snippet":"max-snippet:-1","max-image-preview":"max-image-preview:large","max-video-preview":"max-video-preview:-1"},"canonical":"https:\/\/www.seventhstreet.it\/de\/privacy-policy\/","og_locale":"de_DE","og_type":"article","og_title":"Privacy policy - Seventh Street by Safilo","og_description":"DATENSCHUTZERKL\u00c4RUNG \u2013 WEBSITESEVENTH STREET.COM Art. 13 der Verordnung 2016\/679\/EU (\u201eDSGVO\u201c) Diese Datenschutzerkl\u00e4rung erl\u00e4utert die Art und den Zweck der von Safilo S.p.A. als Verantwortlicher (im Folgenden \u201eGesellschaft\u201c oder \u201eVerantwortlicher\u201c) durchgef\u00fchrten Datenverarbeitung im Rahmen der Nutzung der Website https:\/\/www.seventhstreet.it\/ (im Folgenden \u201eWebsite\u201c).Insbesondere m\u00f6chte der Verantwortliche auf dieser Seite Informationen \u00fcber die Verarbeitung personenbezogener Daten von Personen [&hellip;]","og_url":"https:\/\/www.seventhstreet.it\/de\/privacy-policy\/","og_site_name":"Seventh Street by Safilo","article_modified_time":"2025-07-11T12:22:57+00:00","twitter_card":"summary_large_image","twitter_misc":{"Gesch\u00e4tzte Lesezeit":"10\u00a0Minuten"},"schema":{"@context":"https:\/\/schema.org","@graph":[{"@type":"WebPage","@id":"https:\/\/www.seventhstreet.it\/de\/privacy-policy\/","url":"https:\/\/www.seventhstreet.it\/de\/privacy-policy\/","name":"Privacy policy - Seventh Street by Safilo","isPartOf":{"@id":"https:\/\/www.seventhstreet.it\/de\/#website"},"datePublished":"2025-07-11T12:22:56+00:00","dateModified":"2025-07-11T12:22:57+00:00","inLanguage":"de","potentialAction":[{"@type":"ReadAction","target":["https:\/\/www.seventhstreet.it\/de\/privacy-policy\/"]}]},{"@type":"WebSite","@id":"https:\/\/www.seventhstreet.it\/de\/#website","url":"https:\/\/www.seventhstreet.it\/de\/","name":"Seventh Street by Safilo","description":"","publisher":{"@id":"https:\/\/www.seventhstreet.it\/de\/#organization"},"potentialAction":[{"@type":"SearchAction","target":{"@type":"EntryPoint","urlTemplate":"https:\/\/www.seventhstreet.it\/de\/?s={search_term_string}"},"query-input":{"@type":"PropertyValueSpecification","valueRequired":true,"valueName":"search_term_string"}}],"inLanguage":"de"},{"@type":"Organization","@id":"https:\/\/www.seventhstreet.it\/de\/#organization","name":"Seventh Street by Safilo","url":"https:\/\/www.seventhstreet.it\/de\/","logo":{"@type":"ImageObject","inLanguage":"de","@id":"https:\/\/www.seventhstreet.it\/de\/#\/schema\/logo\/image\/","url":"https:\/\/www.seventhstreet.it\/wp-content\/uploads\/2024\/02\/logo-safilo.svg","contentUrl":"https:\/\/www.seventhstreet.it\/wp-content\/uploads\/2024\/02\/logo-safilo.svg","width":174,"height":46,"caption":"Seventh Street by Safilo"},"image":{"@id":"https:\/\/www.seventhstreet.it\/de\/#\/schema\/logo\/image\/"}}]}},"_links":{"self":[{"href":"https:\/\/www.seventhstreet.it\/de\/wp-json\/wp\/v2\/pages\/19670","targetHints":{"allow":["GET"]}}],"collection":[{"href":"https:\/\/www.seventhstreet.it\/de\/wp-json\/wp\/v2\/pages"}],"about":[{"href":"https:\/\/www.seventhstreet.it\/de\/wp-json\/wp\/v2\/types\/page"}],"author":[{"embeddable":true,"href":"https:\/\/www.seventhstreet.it\/de\/wp-json\/wp\/v2\/users\/1"}],"replies":[{"embeddable":true,"href":"https:\/\/www.seventhstreet.it\/de\/wp-json\/wp\/v2\/comments?post=19670"}],"version-history":[{"count":1,"href":"https:\/\/www.seventhstreet.it\/de\/wp-json\/wp\/v2\/pages\/19670\/revisions"}],"predecessor-version":[{"id":19671,"href":"https:\/\/www.seventhstreet.it\/de\/wp-json\/wp\/v2\/pages\/19670\/revisions\/19671"}],"wp:attachment":[{"href":"https:\/\/www.seventhstreet.it\/de\/wp-json\/wp\/v2\/media?parent=19670"}],"curies":[{"name":"wp","href":"https:\/\/api.w.org\/{rel}","templated":true}]}}