{"id":9556,"date":"2024-05-13T14:24:28","date_gmt":"2024-05-13T14:24:28","guid":{"rendered":"https:\/\/www.seventhstreet.it\/cookie-policy\/"},"modified":"2025-10-23T09:15:01","modified_gmt":"2025-10-23T09:15:01","slug":"cookie-policy","status":"publish","type":"page","link":"https:\/\/www.seventhstreet.it\/de\/cookie-policy\/","title":{"rendered":"Cookie policy"},"content":{"rendered":"\n<div class=\"legalPage\">\n\t<div class=\"legalpageContent\">\n\t\t<h2>COOKIE-RICHTLINIE \u2013 WEBSITE Seventh Street by Safilo<\/h2>\n\t\t<p>\n\t\t\tDiese Cookie-Richtlinie erl\u00e4utert die Methoden und Zwecke, mit denen <strong>Safilo S.p.A.<\/strong>, mit Sitz in Via Settima Strada 15, 35129 Padua, Italien, in ihrer Eigenschaft als\n\t\t\t<strong>Verantwortlicher f\u00fcr die Datenverarbeitung<\/strong> (nachfolgend der \u201eVerantwortliche\u201c oder das \u201eUnternehmen\u201c) die personenbezogenen Daten der Nutzer (\u201eNutzer\u201c) im Rahmen der Nutzung der\n\t\t\tWebsite <a href=\"https:\/\/www.seventhstreet.it\/de\/\">https:\/\/www.seventhstreet.it\/de\/<\/a> (nachfolgend die \u201eWebsite\u201c) mittels Cookies verarbeitet.\n\t\t<\/p>\n\t\t<p>\n\t\t\tDie in dieser Cookie-Richtlinie enthaltenen Informationen werden gem\u00e4\u00df den Artikeln 13 und 14 der Verordnung (EU) 2016\/679 (\u201eDSGVO\u201c) sowie den Beschl\u00fcssen der italienischen Datenschutzbeh\u00f6rde\n\t\t\tund den Leitlinien der europ\u00e4ischen Aufsichtsbeh\u00f6rden bereitgestellt.\n\t\t<\/p>\n\t\t<p>\n\t\t\tNachstehend finden die Nutzer alle erforderlichen Informationen \u00fcber die Verwendung von Cookies auf ihren Ger\u00e4ten, um eine informierte Entscheidung \u00fcber deren Verwaltung treffen zu k\u00f6nnen. Die\n\t\t\tVerarbeitung personenbezogener Daten durch das Unternehmen erfolgt gem\u00e4\u00df den Grunds\u00e4tzen der\n\t\t\t<strong>Transparenz, Rechtm\u00e4\u00dfigkeit, Fairness, Angemessenheit und Erforderlichkeit<\/strong>.<br \/>Weitere Informationen finden Sie in der <strong>Datenschutzerkl\u00e4rung<\/strong> der Website unter\n\t\t\tfolgendem Link: <a href=\"https:\/\/www.seventhstreet.it\/de\/privacy-policy\/\">https:\/\/www.seventhstreet.it\/de\/privacy-policy\/<\/a>.\n\t\t<\/p>\n\t\t<h3>1. Kontaktdaten des Verantwortlichen und des Datenschutzbeauftragten<\/h3>\n\t\t<p>\n\t\t\tDer Verantwortliche f\u00fcr die Datenverarbeitung ist <strong>Safilo S.p.A.<\/strong>, mit Sitz in Via Settima Strada 15, 35129 Padua, Italien.<br \/>Der Verantwortliche hat einen\n\t\t\t<strong>Datenschutzbeauftragten (DPO)<\/strong> benannt, der unter folgender E-Mail-Adresse erreichbar ist: <strong>dpo@safilo.com<\/strong>.\n\t\t<\/p>\n\t\t<h3>2. Was sind Cookies<\/h3>\n\t\t<p>\n\t\t\tEin Cookie ist eine kleine Textdatei, die eine bestimmte Menge an Informationen enth\u00e4lt und zwischen einer Website und dem Endger\u00e4t des Nutzers (in der Regel dem Browser) ausgetauscht wird.<br \/>Sie\n\t\t\twird \u00fcblicherweise vom Betreiber einer Website verwendet, um Informationen zu speichern, die notwendig sind, um die Navigation auf der Website zu verbessern oder um Werbenachrichten zu\n\t\t\tversenden, die den Pr\u00e4ferenzen des Nutzers beim Surfen im Internet entsprechen. Cookies k\u00f6nnen auch dazu dienen, das Interesse an Mitteilungen des Verantwortlichen zu messen \u2013 beispielsweise\n\t\t\tdurch den Einsatz von Pixeln oder Web-Beacons.\n\t\t<\/p>\n\t\t<p>\n\t\t\tWenn der Nutzer dieselbe Website oder eine andere Website erneut besucht, pr\u00fcft sein Ger\u00e4t, ob ein bekanntes Cookie vorhanden ist, um die darin gespeicherten Informationen zu lesen.<br \/>Cookies\n\t\t\tenthalten unterschiedliche Informationen und werden f\u00fcr verschiedene Zwecke verwendet (z. B. effiziente Navigation innerhalb der Seiten einer Website, Profilbildung zur gezielten Werbung,\n\t\t\tAnalyse der Besucherzahlen oder ger\u00e4te\u00fcbergreifendes Nutzerverhalten).\n\t\t<\/p>\n\t\t<p>\n\t\t\tW\u00e4hrend der Navigation kann der Nutzer auch Cookies von anderen Websites oder Webservern erhalten (sogenannte <strong>Drittanbieter-Cookies<\/strong>), die bestimmte Elemente (z. B. Bilder,\n\t\t\tKarten, Sounds, Links zu anderen Domains) enthalten, die auf der besuchten Website integriert sind.\n\t\t<\/p>\n\t\t<p>\n\t\t\tEinige Cookies (<strong>Sitzungscookies<\/strong>) werden nur f\u00fcr die Dauer der Website-Nutzung gespeichert und beim Schlie\u00dfen des Browsers automatisch gel\u00f6scht. Andere Cookies (<strong\n\t\t\t\t>persistente Cookies<\/strong\n\t\t\t>) bleiben auch nach dem Schlie\u00dfen des Browsers auf dem Ger\u00e4t gespeichert.\n\t\t<\/p>\n\t\t<p>\n\t\t\tEs ist wichtig hervorzuheben, dass der Verantwortliche <strong>technische Cookies<\/strong> einsetzen muss, um die Online-Dienste ordnungsgem\u00e4\u00df bereitzustellen. Wenn diese deaktiviert werden,\n\t\t\tkann das Unternehmen aus rein technischen Gr\u00fcnden bestimmte Dienste nicht oder nur eingeschr\u00e4nkt bereitstellen. Die spezifischen Zwecke der verschiedenen Cookie-Arten sind nachstehend\n\t\t\tbeschrieben.\n\t\t<\/p>\n\n\t\t<h3>3. Arten von Cookies, die auf dieser Website verwendet werden<\/h3>\n\t\t<h4>3.1. Technische Cookies (erfordern keine Einwilligung)<\/h4>\n\t\t<p>\n\t\t\tTechnische Cookies sind unerl\u00e4sslich, um dem Nutzer das Navigieren auf der Website zu erm\u00f6glichen und deren ordnungsgem\u00e4\u00dfe Funktion zu gew\u00e4hrleisten.<br \/>Sie werden z. B. verwendet, um den\n\t\t\tLogin-Vorgang zu erm\u00f6glichen oder die Anzeige an das verwendete Ger\u00e4t anzupassen.<br \/>Sie werden haupts\u00e4chlich von den Servern des Verantwortlichen bereitgestellt oder \u2013 im Fall externer\n\t\t\tIntegrationen, etwa mit sozialen Netzwerken \u2013 von Dritten.\n\t\t<\/p>\n\t\t<h4>3.2. Drittanbieter-Statistik-Cookies (bei Pseudonymisierung keine Einwilligung erforderlich)<\/h4>\n\t\t<p>\n\t\t\tDie Website verwendet Statistik-Cookies von Drittanbietern, um Informationen \u00fcber das Nutzerverhalten zu sammeln und die Website dadurch zu verbessern.<br \/>Diese Cookies dienen dazu,\n\t\t\taggregierte Daten \u00fcber die Nutzung der Website \u2013 wie besuchte Seiten und Verweildauer \u2013 zu erheben, um die Benutzerfreundlichkeit und Attraktivit\u00e4t zu steigern.<br \/>Da die Daten in aggregierter\n\t\t\tund nicht personenbezogener Form verarbeitet werden, ist keine Einwilligung des Nutzers erforderlich.\n\t\t<\/p>\n\t\t<p>\n\t\t\tDie Website verwendet <strong>Google Analytics<\/strong>; weitere Informationen finden Sie unter:<br \/><a href=\"http:\/\/www.google.com\/policies\/technologies\/cookies\/\"\n\t\t\t\t>http:\/\/www.google.com\/policies\/technologies\/cookies\/<\/a\n\t\t\t>\n\t\t<\/p>\n\t\t<h4>3.3. Marketing- und Profiling-Cookies (erfordern Einwilligung)<\/h4>\n\t\t<p>\n\t\t\tMarketing- und Profiling-Cookies werden verwendet, um Werbenachrichten zu \u00fcbermitteln, die den Pr\u00e4ferenzen des Nutzers beim Surfen entsprechen.<br \/>Diese Cookies erm\u00f6glichen die Speicherung der\n\t\t\tvom Nutzer ge\u00e4u\u00dferten Pr\u00e4ferenzen und eine Analyse seines Verhaltens auf der Website, um Inhalte zu personalisieren.\n\t\t<\/p>\n\t\t<p>\n\t\t\tDie Website verwendet sowohl vom Unternehmen installierte Profiling-Cookies als auch solche von Drittanbietern.<br \/>Unternehmen, die ihre Produkte \u00fcber diese Website bewerben, k\u00f6nnen Cookies\n\t\t\tauf den Ger\u00e4ten der Nutzer setzen. Informationen zur Verwaltung oder Ablehnung dieser Cookies finden Sie in den Datenschutzerkl\u00e4rungen dieser Unternehmen \u00fcber die folgenden Links:\n\t\t<\/p>\n\t\t<div class=\"tableContainer\">\n\t\t\t<div class=\"tableContent\">\n\t\t\t\t<table cellspacing=\"0\" cellpadding=\"0\">\n\t\t\t\t\t<tbody>\n\t\t\t\t\t\t<tr>\n\t\t\t\t\t\t\t<td>\n\t\t\t\t\t\t\t\t<p><strong>Name<\/strong><\/p>\n\t\t\t\t\t\t\t<\/td>\n\t\t\t\t\t\t\t<td>\n\t\t\t\t\t\t\t\t<p><strong>Link<\/strong><\/p>\n\t\t\t\t\t\t\t<\/td>\n\t\t\t\t\t\t\t<td>\n\t\t\t\t\t\t\t\t<p><strong>Cookie-Typ<\/strong><\/p>\n\t\t\t\t\t\t\t<\/td>\n\t\t\t\t\t\t<\/tr>\n\t\t\t\t\t\t<tr>\n\t\t\t\t\t\t\t<td>\n\t\t\t\t\t\t\t\t<p>Google Advertising Products<\/p>\n\t\t\t\t\t\t\t<\/td>\n\t\t\t\t\t\t\t<td>\n\t\t\t\t\t\t\t\t<p>https:\/\/policies.google.com\/privacy<\/p>\n\t\t\t\t\t\t\t<\/td>\n\t\t\t\t\t\t\t<td>\n\t\t\t\t\t\t\t\t<p>Marketing<\/p>\n\t\t\t\t\t\t\t<\/td>\n\t\t\t\t\t\t<\/tr>\n\t\t\t\t\t\t<tr>\n\t\t\t\t\t\t\t<td>\n\t\t\t\t\t\t\t\t<p>Google Analytics Products<\/p>\n\t\t\t\t\t\t\t<\/td>\n\t\t\t\t\t\t\t<td>\n\t\t\t\t\t\t\t\t<p>https:\/\/policies.google.com\/privacy<\/p>\n\t\t\t\t\t\t\t<\/td>\n\t\t\t\t\t\t\t<td>\n\t\t\t\t\t\t\t\t<p>Statistik (Drittanbieter)<\/p>\n\t\t\t\t\t\t\t<\/td>\n\t\t\t\t\t\t<\/tr>\n\t\t\t\t\t\t<tr>\n\t\t\t\t\t\t\t<td>\n\t\t\t\t\t\t\t\t<p>WordPress<\/p>\n\t\t\t\t\t\t\t<\/td>\n\t\t\t\t\t\t\t<td>\n\t\t\t\t\t\t\t\t<p><a href=\"https:\/\/automattic.com\/privacy\/\">https:\/\/automattic.com\/privacy\/<\/a><\/p>\n\t\t\t\t\t\t\t<\/td>\n\t\t\t\t\t\t\t<td>\n\t\t\t\t\t\t\t\t<p>Statistik (Eigen- oder Drittanbieter)<\/p>\n\t\t\t\t\t\t\t<\/td>\n\t\t\t\t\t\t<\/tr>\n\t\t\t\t\t\t<tr>\n\t\t\t\t\t\t\t<td>\n\t\t\t\t\t\t\t\t<p>Vimeo Inc.<\/p>\n\t\t\t\t\t\t\t<\/td>\n\t\t\t\t\t\t\t<td>\n\t\t\t\t\t\t\t\t<p>https:\/\/vimeo.com\/privacy<\/p>\n\t\t\t\t\t\t\t<\/td>\n\t\t\t\t\t\t\t<td>\n\t\t\t\t\t\t\t\t<p>Marketing<\/p>\n\t\t\t\t\t\t\t<\/td>\n\t\t\t\t\t\t<\/tr>\n\t\t\t\t\t<\/tbody>\n\t\t\t\t<\/table>\n\t\t\t<\/div>\n\t\t<\/div>\n\t\t<p>Die Nutzung und Verarbeitung der \u00fcber diese Cookies erhobenen Daten erfolgt gem\u00e4\u00df den jeweiligen Datenschutzerkl\u00e4rungen der genannten Anbieter.<\/p>\n\t\t<p>\n\t\t\tAlle anderen Cookies werden nur nach ausdr\u00fccklicher Zustimmung des Nutzers bei seinem ersten Besuch auf der Website gesetzt oder aktiviert.<br \/>Die Zustimmung kann \u00fcber das Cookie-Banner auf\n\t\t\tder Einstiegsseite erteilt oder selektiv verwaltet werden.<br \/>Die gew\u00e4hlten Einstellungen werden f\u00fcr zuk\u00fcnftige Besuche gespeichert. Das Banner kann regelm\u00e4\u00dfig erneut angezeigt werden, um eine\n\t\t\t\u00c4nderung der Pr\u00e4ferenzen zu erm\u00f6glichen.<br \/>Der Nutzer kann seine Zustimmung jederzeit \u00fcber den Link im Footer der Website oder \u00fcber den unten angegebenen Link widerrufen.\n\t\t<\/p>\n\t\t<h4>3.4. Welche Cookies verwendet diese Website?<\/h4>\n\t\t<p>\n\t\t\t<a href=\"https:\/\/www.seventhstreet.it\/wp-content\/uploads\/2025\/10\/trackers-seventh-street.pdf\" target=\"_blank\">Hier<\/a> klicken, um die vollst\u00e4ndige Liste der auf der Seventh Street by Safilo\n\t\t\twebsite verwendeten Cookies anzuzeigen.<br \/><a href=\"https:\/\/www.seventhstreet.it\/wp-content\/uploads\/2025\/10\/vendors-seventh-street.pdf\" target=\"_blank\">Hier<\/a> klicken, um die vollst\u00e4ndige\n\t\t\tListe der Anbieter auf der Seventh Street by Safilo website anzuzeigen.\n\t\t<\/p>\n\n\t\t<h3>4. Verwaltung der Cookie-Einstellungen \u00fcber den Browser<\/h3>\n\t\t<p>\n\t\t\tDer Nutzer kann seine Einstellungen jederzeit \u00fcber die Browserkonfiguration \u00e4ndern.<br \/>Wenn der Nutzer nicht wei\u00df, welchen Browser er verwendet, kann er im Men\u00fcpunkt \u201eHilfe\u201c seines Browsers\n\t\t\tnachsehen.<br \/>Alternativ kann \u00fcber die folgenden Links auf die entsprechenden Anleitungen zugegriffen werden:\n\t\t<\/p>\n\t\t<ul>\n\t\t\t<li><a href=\"https:\/\/support.microsoft.com\/it-it\/microsoft-edge\/eliminare-i-cookie-in-microsoft-edge-63947406-40ac-c3b8-57b9-2a946a29ae09\">Microsoft Edge<\/a><\/li>\n\t\t\t<li><a href=\"http:\/\/www.google.com\/intl\/it_it\/policies\/technologies\/managing\/\">Google Chrome<\/a><\/li>\n\t\t\t<li><a href=\"https:\/\/support.mozilla.org\/it\/products\/firefox\/protect-your-privacy\/cookies\">Mozilla Firefox<\/a><\/li>\n\t\t\t<li><a href=\"https:\/\/support.apple.com\/it-it\/HT201265\">Safari<\/a><\/li>\n\t\t<\/ul>\n\t\t<h3>5. Art der Bereitstellung der Daten<\/h3>\n\t\t<p>\n\t\t\tAlle in dieser Cookie-Richtlinie genannten Cookies k\u00f6nnen vom Nutzer jederzeit deaktiviert werden \u2013 auch einzeln.<br \/>Wenn jedoch bestimmte oder alle <strong>technischen Cookies<\/strong> (die\n\t\t\tkeiner Einwilligung bed\u00fcrfen) deaktiviert werden, kann die Website m\u00f6glicherweise nicht ordnungsgem\u00e4\u00df funktionieren, und <strong>Safilo<\/strong> kann aus technischen Gr\u00fcnden einige Dienste nicht\n\t\t\toder nur eingeschr\u00e4nkt bereitstellen.\n\t\t<\/p>\n\t\t<p>\n\t\t\tDas Deaktivieren oder Widerrufen der Einwilligung f\u00fcr <strong>nicht-technische Cookies<\/strong> beeintr\u00e4chtigt die Funktionalit\u00e4t der Website nicht, schr\u00e4nkt jedoch die Datenerhebung und Nutzung\n\t\t\tf\u00fcr die oben genannten Zwecke ein, insbesondere f\u00fcr personalisierte Werbung.\n\t\t<\/p>\n\t\t<p>\n\t\t\tDas Unternehmen verwendet au\u00dferdem ein technisches Cookie, um die Cookie-Pr\u00e4ferenzen des Nutzers zu speichern. Wenn alle Cookies gel\u00f6scht werden, wird auch dieses Pr\u00e4ferenz-Cookie gel\u00f6scht, und\n\t\t\tder Nutzer muss seine Einstellungen erneut festlegen.\n\t\t<\/p>\n\t\t<p>\n\t\t\tWeitere Informationen zu Werbepr\u00e4ferenzen finden Sie unter <a href=\"http:\/\/www.youronlinechoices.com\/it\/le-tue-scelte\/\">http:\/\/www.youronlinechoices.com\/it\/le-tue-scelte\/<\/a>, einer Plattform\n\t\t\tder <strong>European Digital Advertising Alliance (EDAA)<\/strong>, \u00fcber die Nutzer Cookies f\u00fcr personalisierte Werbung ablehnen oder akzeptieren k\u00f6nnen.\n\t\t<\/p>\n\t\t<h3>6. Rechte der betroffenen Personen<\/h3>\n\t\t<p>Den Nutzern stehen die Rechte gem\u00e4\u00df den Artikeln 15 bis 22 der DSGVO zu.<br \/>Insbesondere hat der Nutzer das Recht:<\/p>\n\t\t<ul>\n\t\t\t<li>eine Best\u00e4tigung \u00fcber die Verarbeitung seiner Daten und Zugang zu entsprechenden Informationen zu erhalten;<\/li>\n\t\t\t<li>die Berichtigung unrichtiger oder unvollst\u00e4ndiger Daten zu verlangen;<\/li>\n\t\t\t<li>die L\u00f6schung der Daten zu beantragen;<\/li>\n\t\t\t<li>die Einschr\u00e4nkung der Verarbeitung zu verlangen;<\/li>\n\t\t\t<li>die \u00dcbertragung seiner Daten in einem strukturierten, g\u00e4ngigen und maschinenlesbaren Format zu verlangen (Daten\u00fcbertragbarkeit);<\/li>\n\t\t\t<li>eine erteilte Einwilligung jederzeit zu widerrufen, ohne dass die Rechtm\u00e4\u00dfigkeit der bis zum Widerruf erfolgten Verarbeitung ber\u00fchrt wird.<\/li>\n\t\t<\/ul>\n\t\t<p>Der Nutzer hat au\u00dferdem das Recht, aus berechtigten Gr\u00fcnden ganz oder teilweise Widerspruch gegen die Verarbeitung seiner personenbezogenen Daten einzulegen.<\/p>\n\t\t<p>\n\t\t\tDer Verantwortliche wird unverz\u00fcglich, sp\u00e4testens jedoch innerhalb eines Monats nach Eingang des Antrags reagieren. Diese Frist kann unter Ber\u00fccksichtigung der Komplexit\u00e4t und Anzahl der Antr\u00e4ge\n\t\t\tum zwei Monate verl\u00e4ngert werden. In diesem Fall informiert der Verantwortliche den Nutzer innerhalb eines Monats \u00fcber die Gr\u00fcnde der Verz\u00f6gerung.\n\t\t<\/p>\n\t\t<p>\n\t\t\tDer Nutzer kann seine Rechte aus\u00fcben, indem er eine E-Mail an den Verantwortlichen unter <strong>dataprotection@safilo.com<\/strong> sendet.<br \/>Wenn der Nutzer der Ansicht ist, dass die\n\t\t\tVerarbeitung seiner Daten gegen die Datenschutzvorschriften verst\u00f6\u00dft, hat er das Recht, eine Beschwerde bei der zust\u00e4ndigen Aufsichtsbeh\u00f6rde einzureichen.\n\t\t<\/p>\n\t\t<h3>7. Aktualisierung der Cookie-Richtlinie<\/h3>\n\t\t<p>Diese Cookie-Richtlinie wurde zuletzt am <strong>20. Oktober 2025<\/strong> aktualisiert.<\/p>\n\t<\/div>\n<\/div>\n\n","protected":false},"excerpt":{"rendered":"<p>COOKIE-RICHTLINIE \u2013 WEBSITE Seventh Street by Safilo Diese Cookie-Richtlinie erl\u00e4utert die Methoden und Zwecke, mit denen Safilo S.p.A., mit Sitz in Via Settima Strada 15, 35129 Padua, Italien, in ihrer Eigenschaft als Verantwortlicher f\u00fcr die Datenverarbeitung (nachfolgend der \u201eVerantwortliche\u201c oder das \u201eUnternehmen\u201c) die personenbezogenen Daten der Nutzer (\u201eNutzer\u201c) im Rahmen der Nutzung der Website https:\/\/www.seventhstreet.it\/de\/ [&hellip;]<\/p>\n","protected":false},"author":1,"featured_media":0,"parent":0,"menu_order":0,"comment_status":"closed","ping_status":"closed","template":"","meta":{"_acf_changed":false,"inline_featured_image":false,"footnotes":""},"class_list":["post-9556","page","type-page","status-publish","hentry"],"acf":[],"yoast_head":"<!-- This site is optimized with the Yoast SEO plugin v26.4 - https:\/\/yoast.com\/wordpress\/plugins\/seo\/ -->\n<title>Cookie policy - Seventh Street by Safilo<\/title>\n<meta name=\"robots\" content=\"index, follow, max-snippet:-1, max-image-preview:large, max-video-preview:-1\" \/>\n<link rel=\"canonical\" href=\"https:\/\/www.seventhstreet.it\/de\/cookie-policy\/\" \/>\n<meta property=\"og:locale\" content=\"de_DE\" \/>\n<meta property=\"og:type\" content=\"article\" \/>\n<meta property=\"og:title\" content=\"Cookie policy - Seventh Street by Safilo\" \/>\n<meta property=\"og:description\" content=\"COOKIE-RICHTLINIE \u2013 WEBSITE Seventh Street by Safilo Diese Cookie-Richtlinie erl\u00e4utert die Methoden und Zwecke, mit denen Safilo S.p.A., mit Sitz in Via Settima Strada 15, 35129 Padua, Italien, in ihrer Eigenschaft als Verantwortlicher f\u00fcr die Datenverarbeitung (nachfolgend der \u201eVerantwortliche\u201c oder das \u201eUnternehmen\u201c) die personenbezogenen Daten der Nutzer (\u201eNutzer\u201c) im Rahmen der Nutzung der Website https:\/\/www.seventhstreet.it\/de\/ [&hellip;]\" \/>\n<meta property=\"og:url\" content=\"https:\/\/www.seventhstreet.it\/de\/cookie-policy\/\" \/>\n<meta property=\"og:site_name\" content=\"Seventh Street by Safilo\" \/>\n<meta property=\"article:modified_time\" content=\"2025-10-23T09:15:01+00:00\" \/>\n<meta name=\"twitter:card\" content=\"summary_large_image\" \/>\n<meta name=\"twitter:label1\" content=\"Gesch\u00e4tzte Lesezeit\" \/>\n\t<meta name=\"twitter:data1\" content=\"7\u00a0Minuten\" \/>\n<script type=\"application\/ld+json\" class=\"yoast-schema-graph\">{\"@context\":\"https:\/\/schema.org\",\"@graph\":[{\"@type\":\"WebPage\",\"@id\":\"https:\/\/www.seventhstreet.it\/de\/cookie-policy\/\",\"url\":\"https:\/\/www.seventhstreet.it\/de\/cookie-policy\/\",\"name\":\"Cookie policy - Seventh Street by Safilo\",\"isPartOf\":{\"@id\":\"https:\/\/www.seventhstreet.it\/de\/#website\"},\"datePublished\":\"2024-05-13T14:24:28+00:00\",\"dateModified\":\"2025-10-23T09:15:01+00:00\",\"inLanguage\":\"de\",\"potentialAction\":[{\"@type\":\"ReadAction\",\"target\":[\"https:\/\/www.seventhstreet.it\/de\/cookie-policy\/\"]}]},{\"@type\":\"WebSite\",\"@id\":\"https:\/\/www.seventhstreet.it\/de\/#website\",\"url\":\"https:\/\/www.seventhstreet.it\/de\/\",\"name\":\"Seventh Street by Safilo\",\"description\":\"\",\"publisher\":{\"@id\":\"https:\/\/www.seventhstreet.it\/de\/#organization\"},\"potentialAction\":[{\"@type\":\"SearchAction\",\"target\":{\"@type\":\"EntryPoint\",\"urlTemplate\":\"https:\/\/www.seventhstreet.it\/de\/?s={search_term_string}\"},\"query-input\":{\"@type\":\"PropertyValueSpecification\",\"valueRequired\":true,\"valueName\":\"search_term_string\"}}],\"inLanguage\":\"de\"},{\"@type\":\"Organization\",\"@id\":\"https:\/\/www.seventhstreet.it\/de\/#organization\",\"name\":\"Seventh Street by Safilo\",\"url\":\"https:\/\/www.seventhstreet.it\/de\/\",\"logo\":{\"@type\":\"ImageObject\",\"inLanguage\":\"de\",\"@id\":\"https:\/\/www.seventhstreet.it\/de\/#\/schema\/logo\/image\/\",\"url\":\"https:\/\/www.seventhstreet.it\/wp-content\/uploads\/2024\/02\/logo-safilo.svg\",\"contentUrl\":\"https:\/\/www.seventhstreet.it\/wp-content\/uploads\/2024\/02\/logo-safilo.svg\",\"width\":174,\"height\":46,\"caption\":\"Seventh Street by Safilo\"},\"image\":{\"@id\":\"https:\/\/www.seventhstreet.it\/de\/#\/schema\/logo\/image\/\"}}]}<\/script>\n<!-- \/ Yoast SEO plugin. -->","yoast_head_json":{"title":"Cookie policy - Seventh Street by Safilo","robots":{"index":"index","follow":"follow","max-snippet":"max-snippet:-1","max-image-preview":"max-image-preview:large","max-video-preview":"max-video-preview:-1"},"canonical":"https:\/\/www.seventhstreet.it\/de\/cookie-policy\/","og_locale":"de_DE","og_type":"article","og_title":"Cookie policy - Seventh Street by Safilo","og_description":"COOKIE-RICHTLINIE \u2013 WEBSITE Seventh Street by Safilo Diese Cookie-Richtlinie erl\u00e4utert die Methoden und Zwecke, mit denen Safilo S.p.A., mit Sitz in Via Settima Strada 15, 35129 Padua, Italien, in ihrer Eigenschaft als Verantwortlicher f\u00fcr die Datenverarbeitung (nachfolgend der \u201eVerantwortliche\u201c oder das \u201eUnternehmen\u201c) die personenbezogenen Daten der Nutzer (\u201eNutzer\u201c) im Rahmen der Nutzung der Website https:\/\/www.seventhstreet.it\/de\/ [&hellip;]","og_url":"https:\/\/www.seventhstreet.it\/de\/cookie-policy\/","og_site_name":"Seventh Street by Safilo","article_modified_time":"2025-10-23T09:15:01+00:00","twitter_card":"summary_large_image","twitter_misc":{"Gesch\u00e4tzte Lesezeit":"7\u00a0Minuten"},"schema":{"@context":"https:\/\/schema.org","@graph":[{"@type":"WebPage","@id":"https:\/\/www.seventhstreet.it\/de\/cookie-policy\/","url":"https:\/\/www.seventhstreet.it\/de\/cookie-policy\/","name":"Cookie policy - Seventh Street by Safilo","isPartOf":{"@id":"https:\/\/www.seventhstreet.it\/de\/#website"},"datePublished":"2024-05-13T14:24:28+00:00","dateModified":"2025-10-23T09:15:01+00:00","inLanguage":"de","potentialAction":[{"@type":"ReadAction","target":["https:\/\/www.seventhstreet.it\/de\/cookie-policy\/"]}]},{"@type":"WebSite","@id":"https:\/\/www.seventhstreet.it\/de\/#website","url":"https:\/\/www.seventhstreet.it\/de\/","name":"Seventh Street by Safilo","description":"","publisher":{"@id":"https:\/\/www.seventhstreet.it\/de\/#organization"},"potentialAction":[{"@type":"SearchAction","target":{"@type":"EntryPoint","urlTemplate":"https:\/\/www.seventhstreet.it\/de\/?s={search_term_string}"},"query-input":{"@type":"PropertyValueSpecification","valueRequired":true,"valueName":"search_term_string"}}],"inLanguage":"de"},{"@type":"Organization","@id":"https:\/\/www.seventhstreet.it\/de\/#organization","name":"Seventh Street by Safilo","url":"https:\/\/www.seventhstreet.it\/de\/","logo":{"@type":"ImageObject","inLanguage":"de","@id":"https:\/\/www.seventhstreet.it\/de\/#\/schema\/logo\/image\/","url":"https:\/\/www.seventhstreet.it\/wp-content\/uploads\/2024\/02\/logo-safilo.svg","contentUrl":"https:\/\/www.seventhstreet.it\/wp-content\/uploads\/2024\/02\/logo-safilo.svg","width":174,"height":46,"caption":"Seventh Street by Safilo"},"image":{"@id":"https:\/\/www.seventhstreet.it\/de\/#\/schema\/logo\/image\/"}}]}},"_links":{"self":[{"href":"https:\/\/www.seventhstreet.it\/de\/wp-json\/wp\/v2\/pages\/9556","targetHints":{"allow":["GET"]}}],"collection":[{"href":"https:\/\/www.seventhstreet.it\/de\/wp-json\/wp\/v2\/pages"}],"about":[{"href":"https:\/\/www.seventhstreet.it\/de\/wp-json\/wp\/v2\/types\/page"}],"author":[{"embeddable":true,"href":"https:\/\/www.seventhstreet.it\/de\/wp-json\/wp\/v2\/users\/1"}],"replies":[{"embeddable":true,"href":"https:\/\/www.seventhstreet.it\/de\/wp-json\/wp\/v2\/comments?post=9556"}],"version-history":[{"count":4,"href":"https:\/\/www.seventhstreet.it\/de\/wp-json\/wp\/v2\/pages\/9556\/revisions"}],"predecessor-version":[{"id":19707,"href":"https:\/\/www.seventhstreet.it\/de\/wp-json\/wp\/v2\/pages\/9556\/revisions\/19707"}],"wp:attachment":[{"href":"https:\/\/www.seventhstreet.it\/de\/wp-json\/wp\/v2\/media?parent=9556"}],"curies":[{"name":"wp","href":"https:\/\/api.w.org\/{rel}","templated":true}]}}