{"id":16356,"date":"2025-06-03T19:24:42","date_gmt":"2025-06-03T19:24:42","guid":{"rendered":"https:\/\/www.seventhstreet.it\/109172r815418-4\/"},"modified":"2025-06-03T19:27:36","modified_gmt":"2025-06-03T19:27:36","slug":"109172r815418-4","status":"publish","type":"product","link":"https:\/\/www.seventhstreet.it\/de\/109172r815418-4\/","title":{"rendered":"7A 139"},"content":{"rendered":"<p>Die Herren-Kollektion Bi-Injected Temple von Seventh Street kombiniert Fronten aus Edelstahl und Spritzguss mit Nylonb\u00fcgeln, die an den Enden mit griffigem Gummi beschichtet sind \u2013 f\u00fcr einen markanten, maskulinen Look. Tragbare Farbt\u00f6ne werden durch leuchtende Akzente erg\u00e4nzt, w\u00e4hrend das dezente Hyphen-Branding die nahtlose Verbindung von moderner Ausstrahlung und zeitloser Tragbarkeit symbolisiert.<\/p>\n","protected":false},"excerpt":{"rendered":"<p>Die Herren-Kollektion Bi-Injected Temple von Seventh Street kombiniert Fronten aus Edelstahl und Spritzguss mit Nylonb\u00fcgeln, die an den Enden mit griffigem Gummi beschichtet sind \u2013 f\u00fcr einen markanten, maskulinen Look. Tragbare Farbt\u00f6ne werden durch leuchtende Akzente erg\u00e4nzt, w\u00e4hrend das dezente Hyphen-Branding die nahtlose Verbindung von moderner Ausstrahlung und zeitloser Tragbarkeit symbolisiert.<\/p>\n","protected":false},"featured_media":16358,"comment_status":"closed","ping_status":"open","template":"","meta":{"_acf_changed":false,"inline_featured_image":false},"product_brand":[],"product_cat":[116],"product_tag":[],"class_list":{"0":"post-16356","1":"product","2":"type-product","3":"status-publish","4":"has-post-thumbnail","6":"product_cat-brille","7":"pa_colore-mattblau-de","8":"pa_colore-mattschwarz-de","9":"pa_colore-ruthenium-de","10":"pa_colore-schwarz-de","12":"first","13":"instock","14":"purchasable","15":"product-type-variable","16":"has-default-attributes"},"acf":[],"yoast_head":"<!-- This site is optimized with the Yoast SEO plugin v26.4 - https:\/\/yoast.com\/wordpress\/plugins\/seo\/ -->\n<title>7A 139 - Seventh Street by Safilo<\/title>\n<meta name=\"robots\" content=\"index, follow, max-snippet:-1, max-image-preview:large, max-video-preview:-1\" \/>\n<link rel=\"canonical\" href=\"https:\/\/www.seventhstreet.it\/de\/109172r815418-4\/\" \/>\n<meta property=\"og:locale\" content=\"de_DE\" \/>\n<meta property=\"og:type\" content=\"article\" \/>\n<meta property=\"og:title\" content=\"7A 139 - Seventh Street by Safilo\" \/>\n<meta property=\"og:description\" content=\"Die Herren-Kollektion Bi-Injected Temple von Seventh Street kombiniert Fronten aus Edelstahl und Spritzguss mit Nylonb\u00fcgeln, die an den Enden mit griffigem Gummi beschichtet sind \u2013 f\u00fcr einen markanten, maskulinen Look. Tragbare Farbt\u00f6ne werden durch leuchtende Akzente erg\u00e4nzt, w\u00e4hrend das dezente Hyphen-Branding die nahtlose Verbindung von moderner Ausstrahlung und zeitloser Tragbarkeit symbolisiert.\" \/>\n<meta property=\"og:url\" content=\"https:\/\/www.seventhstreet.it\/de\/109172r815418-4\/\" \/>\n<meta property=\"og:site_name\" content=\"Seventh Street by Safilo\" \/>\n<meta property=\"article:modified_time\" content=\"2025-06-03T19:27:36+00:00\" \/>\n<meta property=\"og:image\" content=\"https:\/\/www.seventhstreet.it\/wp-content\/uploads\/2025\/06\/1091720R8100_P00-3-scaled.jpg\" \/>\n\t<meta property=\"og:image:width\" content=\"2560\" \/>\n\t<meta property=\"og:image:height\" content=\"1250\" \/>\n\t<meta property=\"og:image:type\" content=\"image\/jpeg\" \/>\n<meta name=\"twitter:card\" content=\"summary_large_image\" \/>\n<script type=\"application\/ld+json\" class=\"yoast-schema-graph\">{\"@context\":\"https:\/\/schema.org\",\"@graph\":[{\"@type\":\"WebPage\",\"@id\":\"https:\/\/www.seventhstreet.it\/de\/109172r815418-4\/\",\"url\":\"https:\/\/www.seventhstreet.it\/de\/109172r815418-4\/\",\"name\":\"7A 139 - Seventh Street by Safilo\",\"isPartOf\":{\"@id\":\"https:\/\/www.seventhstreet.it\/de\/#website\"},\"primaryImageOfPage\":{\"@id\":\"https:\/\/www.seventhstreet.it\/de\/109172r815418-4\/#primaryimage\"},\"image\":{\"@id\":\"https:\/\/www.seventhstreet.it\/de\/109172r815418-4\/#primaryimage\"},\"thumbnailUrl\":\"https:\/\/www.seventhstreet.it\/wp-content\/uploads\/2025\/06\/1091720R8100_P00-3-scaled.jpg\",\"datePublished\":\"2025-06-03T19:24:42+00:00\",\"dateModified\":\"2025-06-03T19:27:36+00:00\",\"breadcrumb\":{\"@id\":\"https:\/\/www.seventhstreet.it\/de\/109172r815418-4\/#breadcrumb\"},\"inLanguage\":\"de\",\"potentialAction\":[{\"@type\":\"ReadAction\",\"target\":[\"https:\/\/www.seventhstreet.it\/de\/109172r815418-4\/\"]}]},{\"@type\":\"ImageObject\",\"inLanguage\":\"de\",\"@id\":\"https:\/\/www.seventhstreet.it\/de\/109172r815418-4\/#primaryimage\",\"url\":\"https:\/\/www.seventhstreet.it\/wp-content\/uploads\/2025\/06\/1091720R8100_P00-3-scaled.jpg\",\"contentUrl\":\"https:\/\/www.seventhstreet.it\/wp-content\/uploads\/2025\/06\/1091720R8100_P00-3-scaled.jpg\",\"width\":2560,\"height\":1250},{\"@type\":\"BreadcrumbList\",\"@id\":\"https:\/\/www.seventhstreet.it\/de\/109172r815418-4\/#breadcrumb\",\"itemListElement\":[{\"@type\":\"ListItem\",\"position\":1,\"name\":\"Produkte\",\"item\":\"https:\/\/www.seventhstreet.it\/de\/shop\/\"},{\"@type\":\"ListItem\",\"position\":2,\"name\":\"7A 139\"}]},{\"@type\":\"WebSite\",\"@id\":\"https:\/\/www.seventhstreet.it\/de\/#website\",\"url\":\"https:\/\/www.seventhstreet.it\/de\/\",\"name\":\"Seventh Street by Safilo\",\"description\":\"\",\"publisher\":{\"@id\":\"https:\/\/www.seventhstreet.it\/de\/#organization\"},\"potentialAction\":[{\"@type\":\"SearchAction\",\"target\":{\"@type\":\"EntryPoint\",\"urlTemplate\":\"https:\/\/www.seventhstreet.it\/de\/?s={search_term_string}\"},\"query-input\":{\"@type\":\"PropertyValueSpecification\",\"valueRequired\":true,\"valueName\":\"search_term_string\"}}],\"inLanguage\":\"de\"},{\"@type\":\"Organization\",\"@id\":\"https:\/\/www.seventhstreet.it\/de\/#organization\",\"name\":\"Seventh Street by Safilo\",\"url\":\"https:\/\/www.seventhstreet.it\/de\/\",\"logo\":{\"@type\":\"ImageObject\",\"inLanguage\":\"de\",\"@id\":\"https:\/\/www.seventhstreet.it\/de\/#\/schema\/logo\/image\/\",\"url\":\"https:\/\/www.seventhstreet.it\/wp-content\/uploads\/2024\/02\/logo-safilo.svg\",\"contentUrl\":\"https:\/\/www.seventhstreet.it\/wp-content\/uploads\/2024\/02\/logo-safilo.svg\",\"width\":174,\"height\":46,\"caption\":\"Seventh Street by Safilo\"},\"image\":{\"@id\":\"https:\/\/www.seventhstreet.it\/de\/#\/schema\/logo\/image\/\"}}]}<\/script>\n<!-- \/ Yoast SEO plugin. -->","yoast_head_json":{"title":"7A 139 - Seventh Street by Safilo","robots":{"index":"index","follow":"follow","max-snippet":"max-snippet:-1","max-image-preview":"max-image-preview:large","max-video-preview":"max-video-preview:-1"},"canonical":"https:\/\/www.seventhstreet.it\/de\/109172r815418-4\/","og_locale":"de_DE","og_type":"article","og_title":"7A 139 - Seventh Street by Safilo","og_description":"Die Herren-Kollektion Bi-Injected Temple von Seventh Street kombiniert Fronten aus Edelstahl und Spritzguss mit Nylonb\u00fcgeln, die an den Enden mit griffigem Gummi beschichtet sind \u2013 f\u00fcr einen markanten, maskulinen Look. Tragbare Farbt\u00f6ne werden durch leuchtende Akzente erg\u00e4nzt, w\u00e4hrend das dezente Hyphen-Branding die nahtlose Verbindung von moderner Ausstrahlung und zeitloser Tragbarkeit symbolisiert.","og_url":"https:\/\/www.seventhstreet.it\/de\/109172r815418-4\/","og_site_name":"Seventh Street by Safilo","article_modified_time":"2025-06-03T19:27:36+00:00","og_image":[{"width":2560,"height":1250,"url":"https:\/\/www.seventhstreet.it\/wp-content\/uploads\/2025\/06\/1091720R8100_P00-3-scaled.jpg","type":"image\/jpeg"}],"twitter_card":"summary_large_image","schema":{"@context":"https:\/\/schema.org","@graph":[{"@type":"WebPage","@id":"https:\/\/www.seventhstreet.it\/de\/109172r815418-4\/","url":"https:\/\/www.seventhstreet.it\/de\/109172r815418-4\/","name":"7A 139 - Seventh Street by Safilo","isPartOf":{"@id":"https:\/\/www.seventhstreet.it\/de\/#website"},"primaryImageOfPage":{"@id":"https:\/\/www.seventhstreet.it\/de\/109172r815418-4\/#primaryimage"},"image":{"@id":"https:\/\/www.seventhstreet.it\/de\/109172r815418-4\/#primaryimage"},"thumbnailUrl":"https:\/\/www.seventhstreet.it\/wp-content\/uploads\/2025\/06\/1091720R8100_P00-3-scaled.jpg","datePublished":"2025-06-03T19:24:42+00:00","dateModified":"2025-06-03T19:27:36+00:00","breadcrumb":{"@id":"https:\/\/www.seventhstreet.it\/de\/109172r815418-4\/#breadcrumb"},"inLanguage":"de","potentialAction":[{"@type":"ReadAction","target":["https:\/\/www.seventhstreet.it\/de\/109172r815418-4\/"]}]},{"@type":"ImageObject","inLanguage":"de","@id":"https:\/\/www.seventhstreet.it\/de\/109172r815418-4\/#primaryimage","url":"https:\/\/www.seventhstreet.it\/wp-content\/uploads\/2025\/06\/1091720R8100_P00-3-scaled.jpg","contentUrl":"https:\/\/www.seventhstreet.it\/wp-content\/uploads\/2025\/06\/1091720R8100_P00-3-scaled.jpg","width":2560,"height":1250},{"@type":"BreadcrumbList","@id":"https:\/\/www.seventhstreet.it\/de\/109172r815418-4\/#breadcrumb","itemListElement":[{"@type":"ListItem","position":1,"name":"Produkte","item":"https:\/\/www.seventhstreet.it\/de\/shop\/"},{"@type":"ListItem","position":2,"name":"7A 139"}]},{"@type":"WebSite","@id":"https:\/\/www.seventhstreet.it\/de\/#website","url":"https:\/\/www.seventhstreet.it\/de\/","name":"Seventh Street by Safilo","description":"","publisher":{"@id":"https:\/\/www.seventhstreet.it\/de\/#organization"},"potentialAction":[{"@type":"SearchAction","target":{"@type":"EntryPoint","urlTemplate":"https:\/\/www.seventhstreet.it\/de\/?s={search_term_string}"},"query-input":{"@type":"PropertyValueSpecification","valueRequired":true,"valueName":"search_term_string"}}],"inLanguage":"de"},{"@type":"Organization","@id":"https:\/\/www.seventhstreet.it\/de\/#organization","name":"Seventh Street by Safilo","url":"https:\/\/www.seventhstreet.it\/de\/","logo":{"@type":"ImageObject","inLanguage":"de","@id":"https:\/\/www.seventhstreet.it\/de\/#\/schema\/logo\/image\/","url":"https:\/\/www.seventhstreet.it\/wp-content\/uploads\/2024\/02\/logo-safilo.svg","contentUrl":"https:\/\/www.seventhstreet.it\/wp-content\/uploads\/2024\/02\/logo-safilo.svg","width":174,"height":46,"caption":"Seventh Street by Safilo"},"image":{"@id":"https:\/\/www.seventhstreet.it\/de\/#\/schema\/logo\/image\/"}}]}},"_links":{"self":[{"href":"https:\/\/www.seventhstreet.it\/de\/wp-json\/wp\/v2\/product\/16356","targetHints":{"allow":["GET"]}}],"collection":[{"href":"https:\/\/www.seventhstreet.it\/de\/wp-json\/wp\/v2\/product"}],"about":[{"href":"https:\/\/www.seventhstreet.it\/de\/wp-json\/wp\/v2\/types\/product"}],"replies":[{"embeddable":true,"href":"https:\/\/www.seventhstreet.it\/de\/wp-json\/wp\/v2\/comments?post=16356"}],"wp:featuredmedia":[{"embeddable":true,"href":"https:\/\/www.seventhstreet.it\/de\/wp-json\/wp\/v2\/media\/16358"}],"wp:attachment":[{"href":"https:\/\/www.seventhstreet.it\/de\/wp-json\/wp\/v2\/media?parent=16356"}],"wp:term":[{"taxonomy":"product_brand","embeddable":true,"href":"https:\/\/www.seventhstreet.it\/de\/wp-json\/wp\/v2\/product_brand?post=16356"},{"taxonomy":"product_cat","embeddable":true,"href":"https:\/\/www.seventhstreet.it\/de\/wp-json\/wp\/v2\/product_cat?post=16356"},{"taxonomy":"product_tag","embeddable":true,"href":"https:\/\/www.seventhstreet.it\/de\/wp-json\/wp\/v2\/product_tag?post=16356"}],"curies":[{"name":"wp","href":"https:\/\/api.w.org\/{rel}","templated":true}]}}