{"id":23414,"date":"2026-01-28T09:42:34","date_gmt":"2026-01-28T09:42:34","guid":{"rendered":"https:\/\/www.seventhstreet.it\/1120120005316-4\/"},"modified":"2026-01-28T09:49:21","modified_gmt":"2026-01-28T09:49:21","slug":"1120120005316-4","status":"publish","type":"product","link":"https:\/\/www.seventhstreet.it\/de\/1120120005316-4\/","title":{"rendered":"7A 633"},"content":{"rendered":"<p>Die Metallbrillen-Kollektion f\u00fcr Damen von Seventh Street verbindet zur\u00fcckhaltenden Stil mit unverwechselbarem Charakter. Zarte Vollrand- und Halbrandfassungen setzen mit dezenten Farbakzenten an R\u00e4ndern und B\u00fcgeln feminine Akzente. Flexible Scharniere sorgen f\u00fcr Komfort und Langlebigkeit \u2013 eine Kollektion, die Funktionalit\u00e4t und Eleganz vereint und durch das markentypische Hyphen am B\u00fcgel gekennzeichnet ist.<\/p>\n","protected":false},"excerpt":{"rendered":"<p>Die Metallbrillen-Kollektion f\u00fcr Damen von Seventh Street verbindet zur\u00fcckhaltenden Stil mit unverwechselbarem Charakter. Zarte Vollrand- und Halbrandfassungen setzen mit dezenten Farbakzenten an R\u00e4ndern und B\u00fcgeln feminine Akzente. Flexible Scharniere sorgen f\u00fcr Komfort und Langlebigkeit \u2013 eine Kollektion, die Funktionalit\u00e4t und Eleganz vereint und durch das markentypische Hyphen am B\u00fcgel gekennzeichnet ist.<\/p>\n","protected":false},"featured_media":23416,"comment_status":"closed","ping_status":"closed","template":"","meta":{"_acf_changed":false,"inline_featured_image":false},"product_brand":[],"product_cat":[116],"product_tag":[],"class_list":{"0":"post-23414","1":"product","2":"type-product","3":"status-publish","4":"has-post-thumbnail","6":"product_cat-brille","7":"pa_colore-gold-de","8":"pa_colore-gold-pink-de","9":"pa_colore-palladium-de","11":"first","12":"instock","13":"purchasable","14":"product-type-variable","15":"has-default-attributes"},"acf":[],"yoast_head":"<!-- This site is optimized with the Yoast SEO plugin v26.4 - https:\/\/yoast.com\/wordpress\/plugins\/seo\/ -->\n<title>7A 633 - Seventh Street by Safilo<\/title>\n<meta name=\"robots\" content=\"index, follow, max-snippet:-1, max-image-preview:large, max-video-preview:-1\" \/>\n<link rel=\"canonical\" href=\"https:\/\/www.seventhstreet.it\/de\/1120120005316-4\/\" \/>\n<meta property=\"og:locale\" content=\"de_DE\" \/>\n<meta property=\"og:type\" content=\"article\" \/>\n<meta property=\"og:title\" content=\"7A 633 - Seventh Street by Safilo\" \/>\n<meta property=\"og:description\" content=\"Die Metallbrillen-Kollektion f\u00fcr Damen von Seventh Street verbindet zur\u00fcckhaltenden Stil mit unverwechselbarem Charakter. Zarte Vollrand- und Halbrandfassungen setzen mit dezenten Farbakzenten an R\u00e4ndern und B\u00fcgeln feminine Akzente. Flexible Scharniere sorgen f\u00fcr Komfort und Langlebigkeit \u2013 eine Kollektion, die Funktionalit\u00e4t und Eleganz vereint und durch das markentypische Hyphen am B\u00fcgel gekennzeichnet ist.\" \/>\n<meta property=\"og:url\" content=\"https:\/\/www.seventhstreet.it\/de\/1120120005316-4\/\" \/>\n<meta property=\"og:site_name\" content=\"Seventh Street by Safilo\" \/>\n<meta property=\"article:modified_time\" content=\"2026-01-28T09:49:21+00:00\" \/>\n<meta property=\"og:image\" content=\"https:\/\/www.seventhstreet.it\/wp-content\/uploads\/2026\/01\/112012000000_P00-3-scaled.jpg\" \/>\n\t<meta property=\"og:image:width\" content=\"2560\" \/>\n\t<meta property=\"og:image:height\" content=\"1250\" \/>\n\t<meta property=\"og:image:type\" content=\"image\/jpeg\" \/>\n<meta name=\"twitter:card\" content=\"summary_large_image\" \/>\n<meta name=\"twitter:label1\" content=\"Gesch\u00e4tzte Lesezeit\" \/>\n\t<meta name=\"twitter:data1\" content=\"1\u00a0Minute\" \/>\n<script type=\"application\/ld+json\" class=\"yoast-schema-graph\">{\"@context\":\"https:\/\/schema.org\",\"@graph\":[{\"@type\":\"WebPage\",\"@id\":\"https:\/\/www.seventhstreet.it\/de\/1120120005316-4\/\",\"url\":\"https:\/\/www.seventhstreet.it\/de\/1120120005316-4\/\",\"name\":\"7A 633 - Seventh Street by Safilo\",\"isPartOf\":{\"@id\":\"https:\/\/www.seventhstreet.it\/de\/#website\"},\"primaryImageOfPage\":{\"@id\":\"https:\/\/www.seventhstreet.it\/de\/1120120005316-4\/#primaryimage\"},\"image\":{\"@id\":\"https:\/\/www.seventhstreet.it\/de\/1120120005316-4\/#primaryimage\"},\"thumbnailUrl\":\"https:\/\/www.seventhstreet.it\/wp-content\/uploads\/2026\/01\/112012000000_P00-3-scaled.jpg\",\"datePublished\":\"2026-01-28T09:42:34+00:00\",\"dateModified\":\"2026-01-28T09:49:21+00:00\",\"breadcrumb\":{\"@id\":\"https:\/\/www.seventhstreet.it\/de\/1120120005316-4\/#breadcrumb\"},\"inLanguage\":\"de\",\"potentialAction\":[{\"@type\":\"ReadAction\",\"target\":[\"https:\/\/www.seventhstreet.it\/de\/1120120005316-4\/\"]}]},{\"@type\":\"ImageObject\",\"inLanguage\":\"de\",\"@id\":\"https:\/\/www.seventhstreet.it\/de\/1120120005316-4\/#primaryimage\",\"url\":\"https:\/\/www.seventhstreet.it\/wp-content\/uploads\/2026\/01\/112012000000_P00-3-scaled.jpg\",\"contentUrl\":\"https:\/\/www.seventhstreet.it\/wp-content\/uploads\/2026\/01\/112012000000_P00-3-scaled.jpg\",\"width\":2560,\"height\":1250},{\"@type\":\"BreadcrumbList\",\"@id\":\"https:\/\/www.seventhstreet.it\/de\/1120120005316-4\/#breadcrumb\",\"itemListElement\":[{\"@type\":\"ListItem\",\"position\":1,\"name\":\"Produkte\",\"item\":\"https:\/\/www.seventhstreet.it\/de\/shop\/\"},{\"@type\":\"ListItem\",\"position\":2,\"name\":\"7A 633\"}]},{\"@type\":\"WebSite\",\"@id\":\"https:\/\/www.seventhstreet.it\/de\/#website\",\"url\":\"https:\/\/www.seventhstreet.it\/de\/\",\"name\":\"Seventh Street by Safilo\",\"description\":\"\",\"publisher\":{\"@id\":\"https:\/\/www.seventhstreet.it\/de\/#organization\"},\"potentialAction\":[{\"@type\":\"SearchAction\",\"target\":{\"@type\":\"EntryPoint\",\"urlTemplate\":\"https:\/\/www.seventhstreet.it\/de\/?s={search_term_string}\"},\"query-input\":{\"@type\":\"PropertyValueSpecification\",\"valueRequired\":true,\"valueName\":\"search_term_string\"}}],\"inLanguage\":\"de\"},{\"@type\":\"Organization\",\"@id\":\"https:\/\/www.seventhstreet.it\/de\/#organization\",\"name\":\"Seventh Street by Safilo\",\"url\":\"https:\/\/www.seventhstreet.it\/de\/\",\"logo\":{\"@type\":\"ImageObject\",\"inLanguage\":\"de\",\"@id\":\"https:\/\/www.seventhstreet.it\/de\/#\/schema\/logo\/image\/\",\"url\":\"https:\/\/www.seventhstreet.it\/wp-content\/uploads\/2024\/02\/logo-safilo.svg\",\"contentUrl\":\"https:\/\/www.seventhstreet.it\/wp-content\/uploads\/2024\/02\/logo-safilo.svg\",\"width\":174,\"height\":46,\"caption\":\"Seventh Street by Safilo\"},\"image\":{\"@id\":\"https:\/\/www.seventhstreet.it\/de\/#\/schema\/logo\/image\/\"}}]}<\/script>\n<!-- \/ Yoast SEO plugin. -->","yoast_head_json":{"title":"7A 633 - Seventh Street by Safilo","robots":{"index":"index","follow":"follow","max-snippet":"max-snippet:-1","max-image-preview":"max-image-preview:large","max-video-preview":"max-video-preview:-1"},"canonical":"https:\/\/www.seventhstreet.it\/de\/1120120005316-4\/","og_locale":"de_DE","og_type":"article","og_title":"7A 633 - Seventh Street by Safilo","og_description":"Die Metallbrillen-Kollektion f\u00fcr Damen von Seventh Street verbindet zur\u00fcckhaltenden Stil mit unverwechselbarem Charakter. Zarte Vollrand- und Halbrandfassungen setzen mit dezenten Farbakzenten an R\u00e4ndern und B\u00fcgeln feminine Akzente. Flexible Scharniere sorgen f\u00fcr Komfort und Langlebigkeit \u2013 eine Kollektion, die Funktionalit\u00e4t und Eleganz vereint und durch das markentypische Hyphen am B\u00fcgel gekennzeichnet ist.","og_url":"https:\/\/www.seventhstreet.it\/de\/1120120005316-4\/","og_site_name":"Seventh Street by Safilo","article_modified_time":"2026-01-28T09:49:21+00:00","og_image":[{"width":2560,"height":1250,"url":"https:\/\/www.seventhstreet.it\/wp-content\/uploads\/2026\/01\/112012000000_P00-3-scaled.jpg","type":"image\/jpeg"}],"twitter_card":"summary_large_image","twitter_misc":{"Gesch\u00e4tzte Lesezeit":"1\u00a0Minute"},"schema":{"@context":"https:\/\/schema.org","@graph":[{"@type":"WebPage","@id":"https:\/\/www.seventhstreet.it\/de\/1120120005316-4\/","url":"https:\/\/www.seventhstreet.it\/de\/1120120005316-4\/","name":"7A 633 - Seventh Street by Safilo","isPartOf":{"@id":"https:\/\/www.seventhstreet.it\/de\/#website"},"primaryImageOfPage":{"@id":"https:\/\/www.seventhstreet.it\/de\/1120120005316-4\/#primaryimage"},"image":{"@id":"https:\/\/www.seventhstreet.it\/de\/1120120005316-4\/#primaryimage"},"thumbnailUrl":"https:\/\/www.seventhstreet.it\/wp-content\/uploads\/2026\/01\/112012000000_P00-3-scaled.jpg","datePublished":"2026-01-28T09:42:34+00:00","dateModified":"2026-01-28T09:49:21+00:00","breadcrumb":{"@id":"https:\/\/www.seventhstreet.it\/de\/1120120005316-4\/#breadcrumb"},"inLanguage":"de","potentialAction":[{"@type":"ReadAction","target":["https:\/\/www.seventhstreet.it\/de\/1120120005316-4\/"]}]},{"@type":"ImageObject","inLanguage":"de","@id":"https:\/\/www.seventhstreet.it\/de\/1120120005316-4\/#primaryimage","url":"https:\/\/www.seventhstreet.it\/wp-content\/uploads\/2026\/01\/112012000000_P00-3-scaled.jpg","contentUrl":"https:\/\/www.seventhstreet.it\/wp-content\/uploads\/2026\/01\/112012000000_P00-3-scaled.jpg","width":2560,"height":1250},{"@type":"BreadcrumbList","@id":"https:\/\/www.seventhstreet.it\/de\/1120120005316-4\/#breadcrumb","itemListElement":[{"@type":"ListItem","position":1,"name":"Produkte","item":"https:\/\/www.seventhstreet.it\/de\/shop\/"},{"@type":"ListItem","position":2,"name":"7A 633"}]},{"@type":"WebSite","@id":"https:\/\/www.seventhstreet.it\/de\/#website","url":"https:\/\/www.seventhstreet.it\/de\/","name":"Seventh Street by Safilo","description":"","publisher":{"@id":"https:\/\/www.seventhstreet.it\/de\/#organization"},"potentialAction":[{"@type":"SearchAction","target":{"@type":"EntryPoint","urlTemplate":"https:\/\/www.seventhstreet.it\/de\/?s={search_term_string}"},"query-input":{"@type":"PropertyValueSpecification","valueRequired":true,"valueName":"search_term_string"}}],"inLanguage":"de"},{"@type":"Organization","@id":"https:\/\/www.seventhstreet.it\/de\/#organization","name":"Seventh Street by Safilo","url":"https:\/\/www.seventhstreet.it\/de\/","logo":{"@type":"ImageObject","inLanguage":"de","@id":"https:\/\/www.seventhstreet.it\/de\/#\/schema\/logo\/image\/","url":"https:\/\/www.seventhstreet.it\/wp-content\/uploads\/2024\/02\/logo-safilo.svg","contentUrl":"https:\/\/www.seventhstreet.it\/wp-content\/uploads\/2024\/02\/logo-safilo.svg","width":174,"height":46,"caption":"Seventh Street by Safilo"},"image":{"@id":"https:\/\/www.seventhstreet.it\/de\/#\/schema\/logo\/image\/"}}]}},"_links":{"self":[{"href":"https:\/\/www.seventhstreet.it\/de\/wp-json\/wp\/v2\/product\/23414","targetHints":{"allow":["GET"]}}],"collection":[{"href":"https:\/\/www.seventhstreet.it\/de\/wp-json\/wp\/v2\/product"}],"about":[{"href":"https:\/\/www.seventhstreet.it\/de\/wp-json\/wp\/v2\/types\/product"}],"replies":[{"embeddable":true,"href":"https:\/\/www.seventhstreet.it\/de\/wp-json\/wp\/v2\/comments?post=23414"}],"wp:featuredmedia":[{"embeddable":true,"href":"https:\/\/www.seventhstreet.it\/de\/wp-json\/wp\/v2\/media\/23416"}],"wp:attachment":[{"href":"https:\/\/www.seventhstreet.it\/de\/wp-json\/wp\/v2\/media?parent=23414"}],"wp:term":[{"taxonomy":"product_brand","embeddable":true,"href":"https:\/\/www.seventhstreet.it\/de\/wp-json\/wp\/v2\/product_brand?post=23414"},{"taxonomy":"product_cat","embeddable":true,"href":"https:\/\/www.seventhstreet.it\/de\/wp-json\/wp\/v2\/product_cat?post=23414"},{"taxonomy":"product_tag","embeddable":true,"href":"https:\/\/www.seventhstreet.it\/de\/wp-json\/wp\/v2\/product_tag?post=23414"}],"curies":[{"name":"wp","href":"https:\/\/api.w.org\/{rel}","templated":true}]}}