{"id":19667,"date":"2025-07-11T12:19:05","date_gmt":"2025-07-11T12:19:05","guid":{"rendered":"https:\/\/www.seventhstreet.it\/?page_id=19667"},"modified":"2025-07-11T12:20:12","modified_gmt":"2025-07-11T12:20:12","slug":"privacy-policy","status":"publish","type":"page","link":"https:\/\/www.seventhstreet.it\/es\/privacy-policy\/","title":{"rendered":"Privacy policy"},"content":{"rendered":"\n<div class=\"legalPage\">\n\t<div class=\"legalpageContent\">\n\t\t<h2>POL\u00cdTICA DE PRIVACIDAD \u2013 SITIO WEB SEVENTH STREET.COM<\/h2>\n\t\t<h3>Art. 13 del Reglamento 2016\/679\/UE (\u00abRGPD\u00bb)<\/h3>\n\t\t<p>\n\t\t\tLa presente pol\u00edtica informa sobre las modalidades y finalidades de las actividades de tratamiento realizadas por Safilo S.p.A., en calidad de Responsable del tratamiento (en adelante, la\n\t\t\t\u201cSociedad\u201d o el \u201cResponsable\u201d), sobre los datos personales de los interesados en el contexto de la navegaci\u00f3n en el sitio web\n\t\t\t<a href=\"https:\/\/www.seventhstreet.it\/\">https:\/\/www.seventhstreet.it\/<\/a> (en adelante, el \u201cSitio\u201d).<br \/>En particular, en esta p\u00e1gina, el Responsable desea proporcionar cierta informaci\u00f3n\n\t\t\tsobre el tratamiento de datos personales relativos a los sujetos (en adelante, los \u201cUsuarios\u201d o \u201cInteresados\u201d) que visitan, consultan o interact\u00faan con el Sitio.<br \/>Esta pol\u00edtica se\n\t\t\tproporciona exclusivamente para el Sitio del Responsable y para todos los subdominios\/secciones relacionados con \u00e9l, y no para otros sitios web que el Usuario pudiera visitar mediante enlaces\n\t\t\tdisponibles (para los cuales se remite a las respectivas pol\u00edticas de privacidad).<br \/>La reproducci\u00f3n o el uso de las p\u00e1ginas, materiales e informaciones contenidas en el Sitio, por cualquier\n\t\t\tmedio y en cualquier soporte, no est\u00e1 permitido sin el previo consentimiento escrito de la Sociedad.<br \/>La copia y\/o impresi\u00f3n de los contenidos del Sitio est\u00e1 permitida \u00fanicamente para uso\n\t\t\tpersonal y no comercial (para solicitudes y aclaraciones, se ruega contactar al Responsable en los datos indicados m\u00e1s abajo). No se permiten otros usos de los contenidos, servicios e\n\t\t\tinformaciones presentes en el Sitio.\n\t\t<\/p>\n\t\t<h3>1. Responsable del tratamiento y Delegado de Protecci\u00f3n de Datos<\/h3>\n\t\t<p>\n\t\t\tEl Responsable del tratamiento es Safilo S.p.A., con sede legal en Settima Strada 15, 35129 Padua, Italia.<br \/>El Delegado de Protecci\u00f3n de Datos designado (\u201cDPO\u201d) puede ser contactado en la\n\t\t\tdirecci\u00f3n de correo electr\u00f3nico: dpo@safilo.com.\n\t\t<\/p>\n\t\t<h3>2. Finalidad del tratamiento y base jur\u00eddica<\/h3>\n\t\t<p>Los datos personales se tratan para las siguientes finalidades:<\/p>\n\t\t<ol>\n\t\t\t<li>\n\t\t\t\tGarantizar la correcta gesti\u00f3n del Sitio por parte del Responsable.<br \/>Base jur\u00eddica: inter\u00e9s leg\u00edtimo del Responsable (art. 6, p\u00e1rr. 1, letra f) del RGPD) para el correcto funcionamiento\n\t\t\t\tdel Sitio y para permitir la navegaci\u00f3n en el mismo a los Usuarios.<br \/>El suministro de los datos personales es voluntario; no obstante, en caso de negativa, podr\u00eda no ser posible para el\n\t\t\t\tInteresado navegar correctamente en el Sitio;\n\t\t\t<\/li>\n\t\t\t<li>\n\t\t\t\tGestionar y responder a las solicitudes de contacto o informaci\u00f3n presentadas por el Usuario a trav\u00e9s de los formularios disponibles en las secciones del sitio denominadas \u201cContactos\u201d y\n\t\t\t\t\u201cDistribuidores\u201d.<br \/>Base jur\u00eddica: ejecuci\u00f3n de medidas precontractuales (art. 6, p\u00e1rr. 1, letra b) del RGPD) adoptadas a petici\u00f3n del Interesado.<br \/>El suministro de los datos personales\n\t\t\t\tes voluntario; sin embargo, en ausencia de los mismos, el Responsable no podr\u00e1 procesar la solicitud del Interesado;\n\t\t\t<\/li>\n\t\t\t<li>\n\t\t\t\tEnviar el bolet\u00edn informativo (newsletter) al Usuario que lo haya solicitado mediante la cumplimentaci\u00f3n del formulario de registro correspondiente.<br \/>Base jur\u00eddica: consentimiento\n\t\t\t\texpl\u00edcito prestado por el Interesado (art. 6, p\u00e1rr. 1, letra a) del RGPD). El suministro de los datos personales es voluntario y el consentimiento puede ser revocado en cualquier momento, sin\n\t\t\t\tque ello afecte la licitud del tratamiento realizado hasta el momento de la revocaci\u00f3n;\n\t\t\t<\/li>\n\t\t\t<li>\n\t\t\t\tPermitir al Responsable del tratamiento ejercer, verificar y defender sus derechos e intereses, incluso ante la Autoridad judicial competente.<br \/>Base jur\u00eddica: inter\u00e9s leg\u00edtimo del\n\t\t\t\tResponsable (art. 6, p\u00e1rr. 1, letra f) del RGPD) para proteger sus derechos en cualquier jurisdicci\u00f3n competente;\n\t\t\t<\/li>\n\t\t\t<li>\n\t\t\t\tCumplir con las obligaciones legales, reglamentarias y comunitarias a las que est\u00e1 sujeto el Responsable.<br \/>Base jur\u00eddica: cumplimiento de una obligaci\u00f3n legal a la que est\u00e1 sujeto el\n\t\t\t\tResponsable del tratamiento (art. 6, p\u00e1rr. 1, letra c) del RGPD).<br \/>El tratamiento de los datos es necesario y, en caso de no suministrarlos, no ser\u00e1 posible para la Sociedad cumplir con\n\t\t\t\tlas obligaciones legales.\n\t\t\t<\/li>\n\t\t<\/ol>\n\t\t<h3>3. Modalidades de tratamiento de los datos<\/h3>\n\t\t<p>\n\t\t\tEl tratamiento se realiza con la ayuda de medios electr\u00f3nicos o automatizados por parte del Responsable y\/o terceros en los que \u00e9ste pueda apoyarse para almacenar, gestionar y transmitir los\n\t\t\tdatos. El tratamiento se efectuar\u00e1 mediante la organizaci\u00f3n y el procesamiento l\u00f3gico de los datos personales del Usuario, tambi\u00e9n en relaci\u00f3n con los registros generados por el acceso y el uso\n\t\t\tde los servicios ofrecidos a trav\u00e9s de la web, los productos y servicios utilizados en relaci\u00f3n con las finalidades arriba indicadas y, en todo caso, de manera que se garantice la seguridad y\n\t\t\tconfidencialidad de los datos.\n\t\t<\/p>\n\t\t<h3>4. Conservaci\u00f3n de los datos personales<\/h3>\n\t\t<p>\n\t\t\tLos datos personales ser\u00e1n conservados por el tiempo estrictamente necesario para alcanzar las finalidades para las que fueron recogidos y tratados. Salvo la necesidad de conservar los datos\n\t\t\tpara cumplir obligaciones legales del Responsable o para ejercer o defender un derecho propio, los datos del Usuario no ser\u00e1n conservados por un per\u00edodo superior a:\n\t\t<\/p>\n\t\t<ul>\n\t\t\t<li>\n\t\t\t\tpara los datos de navegaci\u00f3n, [24 meses] desde su adquisici\u00f3n, en relaci\u00f3n con las finalidades relacionadas con garantizar la correcta gesti\u00f3n del Sitio por parte del Responsable (finalidad n.\n\t\t\t\t1);\n\t\t\t<\/li>\n\t\t\t<li>\n\t\t\t\t24 meses tras la respuesta ofrecida al Usuario, en relaci\u00f3n con la gesti\u00f3n de solicitudes de contacto e informaci\u00f3n presentadas a trav\u00e9s de los formularios disponibles en el Sitio (finalidad\n\t\t\t\tn. 2);\n\t\t\t<\/li>\n\t\t\t<li>\n\t\t\t\t24 meses desde la concesi\u00f3n del consentimiento por parte del Interesado, en relaci\u00f3n con el env\u00edo de la newsletter a los Usuarios (finalidad n. 3), sin perjuicio de la posibilidad de que el\n\t\t\t\tconsentimiento sea renovado, as\u00ed como de que el Interesado revoque el consentimiento previamente otorgado;\n\t\t\t<\/li>\n\t\t\t<li>los plazos legales y de prescripci\u00f3n ordinarios, en relaci\u00f3n con las finalidades n. 4 y 5.<\/li>\n\t\t<\/ul>\n\t\t<h3>5. Cookies<\/h3>\n\t\t<p>\n\t\t\tUna cookie es una cadena corta de texto que se env\u00eda al navegador del Usuario y, eventualmente, se guarda en el ordenador (o alternativamente en smartphone\/tablet o cualquier otro dispositivo\n\t\t\tutilizado para acceder a Internet); este env\u00edo suele producirse cada vez que se visita un sitio web.<br \/>Las cookies almacenadas en el terminal del Usuario no pueden ser utilizadas para\n\t\t\trecuperar datos del disco duro, transmitir virus inform\u00e1ticos o identificar y utilizar la direcci\u00f3n de correo electr\u00f3nico del Usuario. Cada cookie es \u00fanica en relaci\u00f3n con el navegador y el\n\t\t\tdispositivo utilizado para acceder al Sitio del Responsable.<br \/>En general, la finalidad de las cookies, incluidos los llamados \u201cp\u00edxeles y\/o web beacons\u201d, es mejorar el funcionamiento del\n\t\t\tSitio y la experiencia de uso por parte de los Usuarios. Estas cookies permiten comprender c\u00f3mo utilizan el Sitio los Usuarios para evaluar y mejorar su funcionamiento y crear contenidos cada\n\t\t\tvez m\u00e1s adecuados a sus preferencias. Por ejemplo, las cookies anal\u00edticas permiten saber cu\u00e1les son las p\u00e1ginas m\u00e1s y menos visitadas, cu\u00e1ntos visitantes tiene el sitio, cu\u00e1nto tiempo pasan los\n\t\t\tusuarios en promedio en el sitio y c\u00f3mo llegan los visitantes al Sitio. As\u00ed es posible determinar qu\u00e9 contenidos funcionan mejor y gustan m\u00e1s, y c\u00f3mo se pueden mejorar los contenidos y\n\t\t\tfuncionalidades de las p\u00e1ginas.<br \/>Para entender c\u00f3mo los Usuarios usan el Sitio, la Sociedad se apoya en servicios ofrecidos por terceros para recopilar, agregar y analizar datos con el fin\n\t\t\tde comprender mejor el uso del Sitio. Estas cookies tienen una duraci\u00f3n limitada. La informaci\u00f3n recogida se utiliza por el Responsable en forma agregada y\/o seud\u00f3nima, por ejemplo para\n\t\t\tmonitorear y analizar el uso del Sitio, mejorar su funcionalidad y elegir contenidos y gr\u00e1ficos con mayor precisi\u00f3n para satisfacer las necesidades de los visitantes.<br \/>En cualquier caso, si\n\t\t\tpor cualquier motivo se prefiere que estas cookies espec\u00edficas no se activen, Google pone a disposici\u00f3n un complemento gratuito para la exclusi\u00f3n voluntaria (\u201copt-out\u201d) que puede instalarse en\n\t\t\tlos principales navegadores (ver <a href=\"https:\/\/tools.google.com\/dlpage\/gaoptout\">https:\/\/tools.google.com\/dlpage\/gaoptout<\/a>).<br \/>Para m\u00e1s informaci\u00f3n sobre qu\u00e9 son y c\u00f3mo funcionan las\n\t\t\tcookies, el Usuario puede consultar el sitio web \u00abAll about cookies\u00bb en el siguiente enlace: <a href=\"http:\/\/www.allaboutcookies.org\">http:\/\/www.allaboutcookies.org<\/a>.<br \/>Si el Usuario desea\n\t\t\tbloquear o eliminar las cookies utilizadas en el Sitio, puede hacerlo modificando la configuraci\u00f3n de su navegador. En caso de que el Usuario desactive todas las cookies, tambi\u00e9n las cookies\n\t\t\tnecesarias, funcionales y de rendimiento ser\u00e1n bloqueadas, lo que podr\u00eda causar molestias durante la navegaci\u00f3n por el sitio.<br \/>Para informaci\u00f3n detallada sobre las cookies utilizadas por el\n\t\t\tsitio, se remite a la Pol\u00edtica de Cookies disponible en el siguiente enlace: <a href=\"https:\/\/www.seventhstreet.it\/\">https:\/\/www.seventhstreet.it\/<\/a>\n\t\t<\/p>\n\t\t<h3>6. Interacci\u00f3n con redes sociales y plataformas externas<\/h3>\n\t\t<p>\n\t\t\tEl Sitio, a trav\u00e9s de widgets y botones, puede interactuar con plataformas y redes sociales externas. En este caso, la informaci\u00f3n adquirida depende de la configuraci\u00f3n de los perfiles que el\n\t\t\tUsuario tenga en cada red social y no del administrador del Sitio, especialmente si el Usuario tiene una sesi\u00f3n activa en estas plataformas.<br \/>Las conexiones con Instagram\u00ae u otras redes\n\t\t\tsociales permiten al Usuario interactuar con las p\u00e1ginas de Seventh Street presentes en las redes sociales y compartir ideas, opiniones o contenidos del Sitio en dichas plataformas sociales, las\n\t\t\tcuales pueden recopilar datos del Interesado. Se precisa que al utilizar las p\u00e1ginas dedicadas de Seventh Street en las redes sociales, el Usuario podr\u00eda publicar contenidos accesibles\n\t\t\tp\u00fablicamente en Internet. Antes de interactuar con estas \u00e1reas, se recomienda leer cuidadosamente los T\u00e9rminos y condiciones generales de uso de los medios sociales, teniendo en cuenta que, en\n\t\t\tdeterminadas circunstancias, la informaci\u00f3n publicada puede ser vista por cualquiera y toda la informaci\u00f3n publicada puede ser le\u00edda, recopilada y utilizada por terceros. M\u00e1s informaci\u00f3n puede\n\t\t\tobtenerse en las p\u00e1ginas web de las empresas que ofrecen dichos servicios.<br \/>Se aclara que en este caso, durante esta navegaci\u00f3n, los datos personales del Usuario no son gestionados por la\n\t\t\tSociedad, cuyo \u00fanico papel es poner a disposici\u00f3n la conexi\u00f3n mediante dichos botones para ofrecer un servicio adicional al Usuario, sin tener ning\u00fan control sobre ellos.\n\t\t<\/p>\n\t\t<h3>7. Destinatarios de los datos<\/h3>\n\t\t<p>\n\t\t\tPara alcanzar las finalidades mencionadas, los datos personales del Usuario podr\u00e1n ser compartidos con los empleados y colaboradores de la Sociedad, en calidad de personas autorizadas al\n\t\t\ttratamiento seg\u00fan el art. 29 del GDPR.<br \/>Adem\u00e1s, los datos personales del Usuario podr\u00e1n comunicarse a las siguientes categor\u00edas de destinatarios: (i) socios de la Sociedad; (ii) terceros que\n\t\t\tprestan servicios inform\u00e1ticos y telem\u00e1ticos (por ejemplo, servicios de hosting, gesti\u00f3n y desarrollo de sitios web, herramientas de pago) que Safilo utiliza para llevar a cabo tareas y\n\t\t\tactividades t\u00e9cnicas y organizativas necesarias para el funcionamiento del sitio; (iii) entidades bancarias. Los sujetos pertenecientes a estas categor\u00edas usar\u00e1n los datos personales como\n\t\t\tresponsables aut\u00f3nomos o encargados del tratamiento, siendo estos \u00faltimos designados espec\u00edficamente conforme al art. 28 del GDPR.<br \/>Finalmente, los datos personales tratados podr\u00e1n ser\n\t\t\tcomunicados a sujetos cuyo derecho de acceso a los datos est\u00e9 reconocido por disposiciones legales, normativas o por instrucciones de las Autoridades competentes.\n\t\t<\/p>\n\t\t<h3>8. Transferencia de datos fuera de la UE<\/h3>\n\t\t<p>\n\t\t\tPara las finalidades indicadas, los datos podr\u00e1n ser transferidos fuera del Espacio Econ\u00f3mico Europeo (\u201cEEE\u201d). En tal caso, el Responsable garantiza que la transferencia de datos se realice\n\t\t\tsobre la base de garant\u00edas adecuadas, incluyendo las decisiones de adecuaci\u00f3n de la Comisi\u00f3n Europea conforme al art. 45 del GDPR o, en su defecto, cl\u00e1usulas contractuales tipo u otras garant\u00edas\n\t\t\tadecuadas previstas en el art. 46 del GDPR, as\u00ed como en presencia de excepciones espec\u00edficas conforme al art. 49 del GDPR.<br \/>El Usuario puede obtener una copia de las garant\u00edas ofrecidas para\n\t\t\tla transferencia de datos personales fuera del EEE en la siguiente direcci\u00f3n: dataprotection@safilo.com.\n\t\t<\/p>\n\t\t<h3>9. Datos de menores<\/h3>\n\t\t<p>\n\t\t\tEl Sitio no est\u00e1 dirigido a menores de 18 a\u00f1os y la Sociedad no recoge intencionadamente datos personales de menores. En caso de recogida accidental de informaci\u00f3n sobre menores, la Sociedad\n\t\t\tproceder\u00e1 a su eliminaci\u00f3n tan pronto como tenga conocimiento de ello.\n\t\t<\/p>\n\t\t<h3>10. Derechos de los Interesados<\/h3>\n\t\t<p>Los Usuarios tienen reconocidos los derechos previstos en los art\u00edculos 15 a 22 del GDPR. En particular, el Usuario tiene derecho a:<\/p>\n\t\t<ul>\n\t\t\t<li>solicitar la confirmaci\u00f3n de que se est\u00e1 tratando sus datos y, en tal caso, solicitar al Responsable acceso a la informaci\u00f3n relacionada con dicho tratamiento (derecho de acceso);<\/li>\n\t\t\t<li>solicitar la rectificaci\u00f3n de datos inexactos o incompletos (derecho de rectificaci\u00f3n);<\/li>\n\t\t\t<li>solicitar al Responsable la supresi\u00f3n de los datos (derecho al olvido);<\/li>\n\t\t\t<li>solicitar la limitaci\u00f3n del tratamiento (derecho a la limitaci\u00f3n);<\/li>\n\t\t\t<li>\n\t\t\t\tsolicitar recibir los datos en un formato estructurado, de uso com\u00fan y lectura autom\u00e1tica, y transmitirlos a otro responsable, o bien solicitar la transmisi\u00f3n directa entre responsables, si\n\t\t\t\tt\u00e9cnicamente es posible (derecho a la portabilidad);\n\t\t\t<\/li>\n\t\t\t<li>oponerse en cualquier momento al tratamiento de sus datos personales basado en el art. 6, par. 1, letra f), incluido el perfilado (derecho de oposici\u00f3n);<\/li>\n\t\t\t<li>no ser sometido a una decisi\u00f3n basada \u00fanicamente en el tratamiento automatizado, incluido el perfilado, que produzca efectos jur\u00eddicos o que le afecte significativamente;<\/li>\n\t\t\t<li>\n\t\t\t\tsi el tratamiento se basa en el consentimiento, revocar dicho consentimiento en cualquier momento sin afectar la licitud del tratamiento previo a la revocaci\u00f3n.<br \/>El Usuario puede ejercer\n\t\t\t\testos derechos enviando una solicitud al Responsable al siguiente correo electr\u00f3nico: dataprotection@safilo.com.<br \/>Finalmente, si considera que el tratamiento de sus datos viola la\n\t\t\t\tnormativa de protecci\u00f3n de datos personales, tiene derecho a presentar una reclamaci\u00f3n ante la Autoridad de Control competente.\n\t\t\t<\/li>\n\t\t<\/ul>\n\t\t<h3>11. Actualizaci\u00f3n de la Pol\u00edtica de Privacidad<\/h3>\n\t\t<p>La presente Pol\u00edtica de Privacidad fue actualizada en julio de 2025.<\/p>\n\t<\/div>\n<\/div>\n\n","protected":false},"excerpt":{"rendered":"<p>POL\u00cdTICA DE PRIVACIDAD \u2013 SITIO WEB SEVENTH STREET.COM Art. 13 del Reglamento 2016\/679\/UE (\u00abRGPD\u00bb) La presente pol\u00edtica informa sobre las modalidades y finalidades de las actividades de tratamiento realizadas por Safilo S.p.A., en calidad de Responsable del tratamiento (en adelante, la \u201cSociedad\u201d o el \u201cResponsable\u201d), sobre los datos personales de los interesados en el contexto [&hellip;]<\/p>\n","protected":false},"author":1,"featured_media":0,"parent":0,"menu_order":0,"comment_status":"closed","ping_status":"closed","template":"","meta":{"_acf_changed":false,"inline_featured_image":false,"footnotes":""},"class_list":["post-19667","page","type-page","status-publish","hentry"],"acf":[],"yoast_head":"<!-- This site is optimized with the Yoast SEO plugin v26.4 - https:\/\/yoast.com\/wordpress\/plugins\/seo\/ -->\n<title>Privacy policy - Seventh Street by Safilo<\/title>\n<meta name=\"robots\" content=\"index, follow, max-snippet:-1, max-image-preview:large, max-video-preview:-1\" \/>\n<link rel=\"canonical\" href=\"https:\/\/www.seventhstreet.it\/es\/privacy-policy\/\" \/>\n<meta property=\"og:locale\" content=\"es_ES\" \/>\n<meta property=\"og:type\" content=\"article\" \/>\n<meta property=\"og:title\" content=\"Privacy policy - Seventh Street by Safilo\" \/>\n<meta property=\"og:description\" content=\"POL\u00cdTICA DE PRIVACIDAD \u2013 SITIO WEB SEVENTH STREET.COM Art. 13 del Reglamento 2016\/679\/UE (\u00abRGPD\u00bb) La presente pol\u00edtica informa sobre las modalidades y finalidades de las actividades de tratamiento realizadas por Safilo S.p.A., en calidad de Responsable del tratamiento (en adelante, la \u201cSociedad\u201d o el \u201cResponsable\u201d), sobre los datos personales de los interesados en el contexto [&hellip;]\" \/>\n<meta property=\"og:url\" content=\"https:\/\/www.seventhstreet.it\/es\/privacy-policy\/\" \/>\n<meta property=\"og:site_name\" content=\"Seventh Street by Safilo\" \/>\n<meta property=\"article:modified_time\" content=\"2025-07-11T12:20:12+00:00\" \/>\n<meta name=\"twitter:card\" content=\"summary_large_image\" \/>\n<meta name=\"twitter:label1\" content=\"Tiempo de lectura\" \/>\n\t<meta name=\"twitter:data1\" content=\"12 minutos\" \/>\n<script type=\"application\/ld+json\" class=\"yoast-schema-graph\">{\"@context\":\"https:\/\/schema.org\",\"@graph\":[{\"@type\":\"WebPage\",\"@id\":\"https:\/\/www.seventhstreet.it\/es\/privacy-policy\/\",\"url\":\"https:\/\/www.seventhstreet.it\/es\/privacy-policy\/\",\"name\":\"Privacy policy - Seventh Street by Safilo\",\"isPartOf\":{\"@id\":\"https:\/\/www.seventhstreet.it\/es\/#website\"},\"datePublished\":\"2025-07-11T12:19:05+00:00\",\"dateModified\":\"2025-07-11T12:20:12+00:00\",\"inLanguage\":\"es\",\"potentialAction\":[{\"@type\":\"ReadAction\",\"target\":[\"https:\/\/www.seventhstreet.it\/es\/privacy-policy\/\"]}]},{\"@type\":\"WebSite\",\"@id\":\"https:\/\/www.seventhstreet.it\/es\/#website\",\"url\":\"https:\/\/www.seventhstreet.it\/es\/\",\"name\":\"Seventh Street by Safilo\",\"description\":\"\",\"publisher\":{\"@id\":\"https:\/\/www.seventhstreet.it\/es\/#organization\"},\"potentialAction\":[{\"@type\":\"SearchAction\",\"target\":{\"@type\":\"EntryPoint\",\"urlTemplate\":\"https:\/\/www.seventhstreet.it\/es\/?s={search_term_string}\"},\"query-input\":{\"@type\":\"PropertyValueSpecification\",\"valueRequired\":true,\"valueName\":\"search_term_string\"}}],\"inLanguage\":\"es\"},{\"@type\":\"Organization\",\"@id\":\"https:\/\/www.seventhstreet.it\/es\/#organization\",\"name\":\"Seventh Street by Safilo\",\"url\":\"https:\/\/www.seventhstreet.it\/es\/\",\"logo\":{\"@type\":\"ImageObject\",\"inLanguage\":\"es\",\"@id\":\"https:\/\/www.seventhstreet.it\/es\/#\/schema\/logo\/image\/\",\"url\":\"https:\/\/www.seventhstreet.it\/wp-content\/uploads\/2024\/02\/logo-safilo.svg\",\"contentUrl\":\"https:\/\/www.seventhstreet.it\/wp-content\/uploads\/2024\/02\/logo-safilo.svg\",\"width\":174,\"height\":46,\"caption\":\"Seventh Street by Safilo\"},\"image\":{\"@id\":\"https:\/\/www.seventhstreet.it\/es\/#\/schema\/logo\/image\/\"}}]}<\/script>\n<!-- \/ Yoast SEO plugin. -->","yoast_head_json":{"title":"Privacy policy - Seventh Street by Safilo","robots":{"index":"index","follow":"follow","max-snippet":"max-snippet:-1","max-image-preview":"max-image-preview:large","max-video-preview":"max-video-preview:-1"},"canonical":"https:\/\/www.seventhstreet.it\/es\/privacy-policy\/","og_locale":"es_ES","og_type":"article","og_title":"Privacy policy - Seventh Street by Safilo","og_description":"POL\u00cdTICA DE PRIVACIDAD \u2013 SITIO WEB SEVENTH STREET.COM Art. 13 del Reglamento 2016\/679\/UE (\u00abRGPD\u00bb) La presente pol\u00edtica informa sobre las modalidades y finalidades de las actividades de tratamiento realizadas por Safilo S.p.A., en calidad de Responsable del tratamiento (en adelante, la \u201cSociedad\u201d o el \u201cResponsable\u201d), sobre los datos personales de los interesados en el contexto [&hellip;]","og_url":"https:\/\/www.seventhstreet.it\/es\/privacy-policy\/","og_site_name":"Seventh Street by Safilo","article_modified_time":"2025-07-11T12:20:12+00:00","twitter_card":"summary_large_image","twitter_misc":{"Tiempo de lectura":"12 minutos"},"schema":{"@context":"https:\/\/schema.org","@graph":[{"@type":"WebPage","@id":"https:\/\/www.seventhstreet.it\/es\/privacy-policy\/","url":"https:\/\/www.seventhstreet.it\/es\/privacy-policy\/","name":"Privacy policy - Seventh Street by Safilo","isPartOf":{"@id":"https:\/\/www.seventhstreet.it\/es\/#website"},"datePublished":"2025-07-11T12:19:05+00:00","dateModified":"2025-07-11T12:20:12+00:00","inLanguage":"es","potentialAction":[{"@type":"ReadAction","target":["https:\/\/www.seventhstreet.it\/es\/privacy-policy\/"]}]},{"@type":"WebSite","@id":"https:\/\/www.seventhstreet.it\/es\/#website","url":"https:\/\/www.seventhstreet.it\/es\/","name":"Seventh Street by Safilo","description":"","publisher":{"@id":"https:\/\/www.seventhstreet.it\/es\/#organization"},"potentialAction":[{"@type":"SearchAction","target":{"@type":"EntryPoint","urlTemplate":"https:\/\/www.seventhstreet.it\/es\/?s={search_term_string}"},"query-input":{"@type":"PropertyValueSpecification","valueRequired":true,"valueName":"search_term_string"}}],"inLanguage":"es"},{"@type":"Organization","@id":"https:\/\/www.seventhstreet.it\/es\/#organization","name":"Seventh Street by Safilo","url":"https:\/\/www.seventhstreet.it\/es\/","logo":{"@type":"ImageObject","inLanguage":"es","@id":"https:\/\/www.seventhstreet.it\/es\/#\/schema\/logo\/image\/","url":"https:\/\/www.seventhstreet.it\/wp-content\/uploads\/2024\/02\/logo-safilo.svg","contentUrl":"https:\/\/www.seventhstreet.it\/wp-content\/uploads\/2024\/02\/logo-safilo.svg","width":174,"height":46,"caption":"Seventh Street by Safilo"},"image":{"@id":"https:\/\/www.seventhstreet.it\/es\/#\/schema\/logo\/image\/"}}]}},"_links":{"self":[{"href":"https:\/\/www.seventhstreet.it\/es\/wp-json\/wp\/v2\/pages\/19667","targetHints":{"allow":["GET"]}}],"collection":[{"href":"https:\/\/www.seventhstreet.it\/es\/wp-json\/wp\/v2\/pages"}],"about":[{"href":"https:\/\/www.seventhstreet.it\/es\/wp-json\/wp\/v2\/types\/page"}],"author":[{"embeddable":true,"href":"https:\/\/www.seventhstreet.it\/es\/wp-json\/wp\/v2\/users\/1"}],"replies":[{"embeddable":true,"href":"https:\/\/www.seventhstreet.it\/es\/wp-json\/wp\/v2\/comments?post=19667"}],"version-history":[{"count":1,"href":"https:\/\/www.seventhstreet.it\/es\/wp-json\/wp\/v2\/pages\/19667\/revisions"}],"predecessor-version":[{"id":19668,"href":"https:\/\/www.seventhstreet.it\/es\/wp-json\/wp\/v2\/pages\/19667\/revisions\/19668"}],"wp:attachment":[{"href":"https:\/\/www.seventhstreet.it\/es\/wp-json\/wp\/v2\/media?parent=19667"}],"curies":[{"name":"wp","href":"https:\/\/api.w.org\/{rel}","templated":true}]}}