{"id":16638,"date":"2025-06-03T19:50:24","date_gmt":"2025-06-03T19:50:24","guid":{"rendered":"https:\/\/www.seventhstreet.it\/109196oit5319-3\/"},"modified":"2025-07-11T13:18:00","modified_gmt":"2025-07-11T13:18:00","slug":"109196oit5319-3","status":"publish","type":"product","link":"https:\/\/www.seventhstreet.it\/es\/109196oit5319-3\/","title":{"rendered":"7A 136"},"content":{"rendered":"<p>La colecci\u00f3n masculina Bold Acetate de Seventh Street enriquece una gama de monturas vers\u00e1tiles con un toque de color en forma de frentes multicapa \u00fanicos. Equipadas con bisagras flexibles, cada gafa representa la conexi\u00f3n entre dos mundos opuestos \u2014 contempor\u00e1neo pero atemporal, llamativo pero discreto \u2014 simbolizada por el nuevo logotipo Hyphen en la varilla exterior.<\/p>\n","protected":false},"excerpt":{"rendered":"<p>La colecci\u00f3n masculina Bold Acetate de Seventh Street enriquece una gama de monturas vers\u00e1tiles con un toque de color en forma de frentes multicapa \u00fanicos. Equipadas con bisagras flexibles, cada gafa representa la conexi\u00f3n entre dos mundos opuestos \u2014 contempor\u00e1neo pero atemporal, llamativo pero discreto \u2014 simbolizada por el nuevo logotipo Hyphen en la varilla [&hellip;]<\/p>\n","protected":false},"featured_media":19672,"comment_status":"closed","ping_status":"closed","template":"","meta":{"_acf_changed":false,"inline_featured_image":false},"product_brand":[],"product_cat":[117],"product_tag":[],"class_list":{"0":"post-16638","1":"product","2":"type-product","3":"status-publish","4":"has-post-thumbnail","6":"product_cat-gafas","7":"pa_colore-azul-negro-es","8":"pa_colore-havana-black-es","10":"first","11":"instock","12":"purchasable","13":"product-type-variable","14":"has-default-attributes"},"acf":[],"yoast_head":"<!-- This site is optimized with the Yoast SEO plugin v26.4 - https:\/\/yoast.com\/wordpress\/plugins\/seo\/ -->\n<title>7A 136 - Seventh Street by Safilo<\/title>\n<meta name=\"robots\" content=\"index, follow, max-snippet:-1, max-image-preview:large, max-video-preview:-1\" \/>\n<link rel=\"canonical\" href=\"https:\/\/www.seventhstreet.it\/es\/109196oit5319-3\/\" \/>\n<meta property=\"og:locale\" content=\"es_ES\" \/>\n<meta property=\"og:type\" content=\"article\" \/>\n<meta property=\"og:title\" content=\"7A 136 - Seventh Street by Safilo\" \/>\n<meta property=\"og:description\" content=\"La colecci\u00f3n masculina Bold Acetate de Seventh Street enriquece una gama de monturas vers\u00e1tiles con un toque de color en forma de frentes multicapa \u00fanicos. Equipadas con bisagras flexibles, cada gafa representa la conexi\u00f3n entre dos mundos opuestos \u2014 contempor\u00e1neo pero atemporal, llamativo pero discreto \u2014 simbolizada por el nuevo logotipo Hyphen en la varilla [&hellip;]\" \/>\n<meta property=\"og:url\" content=\"https:\/\/www.seventhstreet.it\/es\/109196oit5319-3\/\" \/>\n<meta property=\"og:site_name\" content=\"Seventh Street by Safilo\" \/>\n<meta property=\"article:modified_time\" content=\"2025-07-11T13:18:00+00:00\" \/>\n<meta property=\"og:image\" content=\"https:\/\/www.seventhstreet.it\/wp-content\/uploads\/2025\/06\/1091960OIT00_P00-scaled.jpg\" \/>\n\t<meta property=\"og:image:width\" content=\"2560\" \/>\n\t<meta property=\"og:image:height\" content=\"1250\" \/>\n\t<meta property=\"og:image:type\" content=\"image\/jpeg\" \/>\n<meta name=\"twitter:card\" content=\"summary_large_image\" \/>\n<meta name=\"twitter:label1\" content=\"Tiempo de lectura\" \/>\n\t<meta name=\"twitter:data1\" content=\"1 minuto\" \/>\n<script type=\"application\/ld+json\" class=\"yoast-schema-graph\">{\"@context\":\"https:\/\/schema.org\",\"@graph\":[{\"@type\":\"WebPage\",\"@id\":\"https:\/\/www.seventhstreet.it\/es\/109196oit5319-3\/\",\"url\":\"https:\/\/www.seventhstreet.it\/es\/109196oit5319-3\/\",\"name\":\"7A 136 - Seventh Street by Safilo\",\"isPartOf\":{\"@id\":\"https:\/\/www.seventhstreet.it\/es\/#website\"},\"primaryImageOfPage\":{\"@id\":\"https:\/\/www.seventhstreet.it\/es\/109196oit5319-3\/#primaryimage\"},\"image\":{\"@id\":\"https:\/\/www.seventhstreet.it\/es\/109196oit5319-3\/#primaryimage\"},\"thumbnailUrl\":\"https:\/\/www.seventhstreet.it\/wp-content\/uploads\/2025\/06\/1091960OIT00_P00-scaled.jpg\",\"datePublished\":\"2025-06-03T19:50:24+00:00\",\"dateModified\":\"2025-07-11T13:18:00+00:00\",\"breadcrumb\":{\"@id\":\"https:\/\/www.seventhstreet.it\/es\/109196oit5319-3\/#breadcrumb\"},\"inLanguage\":\"es\",\"potentialAction\":[{\"@type\":\"ReadAction\",\"target\":[\"https:\/\/www.seventhstreet.it\/es\/109196oit5319-3\/\"]}]},{\"@type\":\"ImageObject\",\"inLanguage\":\"es\",\"@id\":\"https:\/\/www.seventhstreet.it\/es\/109196oit5319-3\/#primaryimage\",\"url\":\"https:\/\/www.seventhstreet.it\/wp-content\/uploads\/2025\/06\/1091960OIT00_P00-scaled.jpg\",\"contentUrl\":\"https:\/\/www.seventhstreet.it\/wp-content\/uploads\/2025\/06\/1091960OIT00_P00-scaled.jpg\",\"width\":2560,\"height\":1250},{\"@type\":\"BreadcrumbList\",\"@id\":\"https:\/\/www.seventhstreet.it\/es\/109196oit5319-3\/#breadcrumb\",\"itemListElement\":[{\"@type\":\"ListItem\",\"position\":1,\"name\":\"Productos\",\"item\":\"https:\/\/www.seventhstreet.it\/es\/shop\/\"},{\"@type\":\"ListItem\",\"position\":2,\"name\":\"7A 136\"}]},{\"@type\":\"WebSite\",\"@id\":\"https:\/\/www.seventhstreet.it\/es\/#website\",\"url\":\"https:\/\/www.seventhstreet.it\/es\/\",\"name\":\"Seventh Street by Safilo\",\"description\":\"\",\"publisher\":{\"@id\":\"https:\/\/www.seventhstreet.it\/es\/#organization\"},\"potentialAction\":[{\"@type\":\"SearchAction\",\"target\":{\"@type\":\"EntryPoint\",\"urlTemplate\":\"https:\/\/www.seventhstreet.it\/es\/?s={search_term_string}\"},\"query-input\":{\"@type\":\"PropertyValueSpecification\",\"valueRequired\":true,\"valueName\":\"search_term_string\"}}],\"inLanguage\":\"es\"},{\"@type\":\"Organization\",\"@id\":\"https:\/\/www.seventhstreet.it\/es\/#organization\",\"name\":\"Seventh Street by Safilo\",\"url\":\"https:\/\/www.seventhstreet.it\/es\/\",\"logo\":{\"@type\":\"ImageObject\",\"inLanguage\":\"es\",\"@id\":\"https:\/\/www.seventhstreet.it\/es\/#\/schema\/logo\/image\/\",\"url\":\"https:\/\/www.seventhstreet.it\/wp-content\/uploads\/2024\/02\/logo-safilo.svg\",\"contentUrl\":\"https:\/\/www.seventhstreet.it\/wp-content\/uploads\/2024\/02\/logo-safilo.svg\",\"width\":174,\"height\":46,\"caption\":\"Seventh Street by Safilo\"},\"image\":{\"@id\":\"https:\/\/www.seventhstreet.it\/es\/#\/schema\/logo\/image\/\"}}]}<\/script>\n<!-- \/ Yoast SEO plugin. -->","yoast_head_json":{"title":"7A 136 - Seventh Street by Safilo","robots":{"index":"index","follow":"follow","max-snippet":"max-snippet:-1","max-image-preview":"max-image-preview:large","max-video-preview":"max-video-preview:-1"},"canonical":"https:\/\/www.seventhstreet.it\/es\/109196oit5319-3\/","og_locale":"es_ES","og_type":"article","og_title":"7A 136 - Seventh Street by Safilo","og_description":"La colecci\u00f3n masculina Bold Acetate de Seventh Street enriquece una gama de monturas vers\u00e1tiles con un toque de color en forma de frentes multicapa \u00fanicos. Equipadas con bisagras flexibles, cada gafa representa la conexi\u00f3n entre dos mundos opuestos \u2014 contempor\u00e1neo pero atemporal, llamativo pero discreto \u2014 simbolizada por el nuevo logotipo Hyphen en la varilla [&hellip;]","og_url":"https:\/\/www.seventhstreet.it\/es\/109196oit5319-3\/","og_site_name":"Seventh Street by Safilo","article_modified_time":"2025-07-11T13:18:00+00:00","og_image":[{"width":2560,"height":1250,"url":"https:\/\/www.seventhstreet.it\/wp-content\/uploads\/2025\/06\/1091960OIT00_P00-scaled.jpg","type":"image\/jpeg"}],"twitter_card":"summary_large_image","twitter_misc":{"Tiempo de lectura":"1 minuto"},"schema":{"@context":"https:\/\/schema.org","@graph":[{"@type":"WebPage","@id":"https:\/\/www.seventhstreet.it\/es\/109196oit5319-3\/","url":"https:\/\/www.seventhstreet.it\/es\/109196oit5319-3\/","name":"7A 136 - Seventh Street by Safilo","isPartOf":{"@id":"https:\/\/www.seventhstreet.it\/es\/#website"},"primaryImageOfPage":{"@id":"https:\/\/www.seventhstreet.it\/es\/109196oit5319-3\/#primaryimage"},"image":{"@id":"https:\/\/www.seventhstreet.it\/es\/109196oit5319-3\/#primaryimage"},"thumbnailUrl":"https:\/\/www.seventhstreet.it\/wp-content\/uploads\/2025\/06\/1091960OIT00_P00-scaled.jpg","datePublished":"2025-06-03T19:50:24+00:00","dateModified":"2025-07-11T13:18:00+00:00","breadcrumb":{"@id":"https:\/\/www.seventhstreet.it\/es\/109196oit5319-3\/#breadcrumb"},"inLanguage":"es","potentialAction":[{"@type":"ReadAction","target":["https:\/\/www.seventhstreet.it\/es\/109196oit5319-3\/"]}]},{"@type":"ImageObject","inLanguage":"es","@id":"https:\/\/www.seventhstreet.it\/es\/109196oit5319-3\/#primaryimage","url":"https:\/\/www.seventhstreet.it\/wp-content\/uploads\/2025\/06\/1091960OIT00_P00-scaled.jpg","contentUrl":"https:\/\/www.seventhstreet.it\/wp-content\/uploads\/2025\/06\/1091960OIT00_P00-scaled.jpg","width":2560,"height":1250},{"@type":"BreadcrumbList","@id":"https:\/\/www.seventhstreet.it\/es\/109196oit5319-3\/#breadcrumb","itemListElement":[{"@type":"ListItem","position":1,"name":"Productos","item":"https:\/\/www.seventhstreet.it\/es\/shop\/"},{"@type":"ListItem","position":2,"name":"7A 136"}]},{"@type":"WebSite","@id":"https:\/\/www.seventhstreet.it\/es\/#website","url":"https:\/\/www.seventhstreet.it\/es\/","name":"Seventh Street by Safilo","description":"","publisher":{"@id":"https:\/\/www.seventhstreet.it\/es\/#organization"},"potentialAction":[{"@type":"SearchAction","target":{"@type":"EntryPoint","urlTemplate":"https:\/\/www.seventhstreet.it\/es\/?s={search_term_string}"},"query-input":{"@type":"PropertyValueSpecification","valueRequired":true,"valueName":"search_term_string"}}],"inLanguage":"es"},{"@type":"Organization","@id":"https:\/\/www.seventhstreet.it\/es\/#organization","name":"Seventh Street by Safilo","url":"https:\/\/www.seventhstreet.it\/es\/","logo":{"@type":"ImageObject","inLanguage":"es","@id":"https:\/\/www.seventhstreet.it\/es\/#\/schema\/logo\/image\/","url":"https:\/\/www.seventhstreet.it\/wp-content\/uploads\/2024\/02\/logo-safilo.svg","contentUrl":"https:\/\/www.seventhstreet.it\/wp-content\/uploads\/2024\/02\/logo-safilo.svg","width":174,"height":46,"caption":"Seventh Street by Safilo"},"image":{"@id":"https:\/\/www.seventhstreet.it\/es\/#\/schema\/logo\/image\/"}}]}},"_links":{"self":[{"href":"https:\/\/www.seventhstreet.it\/es\/wp-json\/wp\/v2\/product\/16638","targetHints":{"allow":["GET"]}}],"collection":[{"href":"https:\/\/www.seventhstreet.it\/es\/wp-json\/wp\/v2\/product"}],"about":[{"href":"https:\/\/www.seventhstreet.it\/es\/wp-json\/wp\/v2\/types\/product"}],"replies":[{"embeddable":true,"href":"https:\/\/www.seventhstreet.it\/es\/wp-json\/wp\/v2\/comments?post=16638"}],"wp:featuredmedia":[{"embeddable":true,"href":"https:\/\/www.seventhstreet.it\/es\/wp-json\/wp\/v2\/media\/19672"}],"wp:attachment":[{"href":"https:\/\/www.seventhstreet.it\/es\/wp-json\/wp\/v2\/media?parent=16638"}],"wp:term":[{"taxonomy":"product_brand","embeddable":true,"href":"https:\/\/www.seventhstreet.it\/es\/wp-json\/wp\/v2\/product_brand?post=16638"},{"taxonomy":"product_cat","embeddable":true,"href":"https:\/\/www.seventhstreet.it\/es\/wp-json\/wp\/v2\/product_cat?post=16638"},{"taxonomy":"product_tag","embeddable":true,"href":"https:\/\/www.seventhstreet.it\/es\/wp-json\/wp\/v2\/product_tag?post=16638"}],"curies":[{"name":"wp","href":"https:\/\/api.w.org\/{rel}","templated":true}]}}