{"id":9554,"date":"2024-05-13T14:24:28","date_gmt":"2024-05-13T14:24:28","guid":{"rendered":"https:\/\/www.seventhstreet.it\/cookie-policy\/"},"modified":"2025-10-23T08:56:32","modified_gmt":"2025-10-23T08:56:32","slug":"cookie-policy","status":"publish","type":"page","link":"https:\/\/www.seventhstreet.it\/fr\/cookie-policy\/","title":{"rendered":"Cookie policy"},"content":{"rendered":"\n<div class=\"legalPage\">\n\t<div class=\"legalpageContent\">\n\t\t<h2>POLITIQUE EN MATI\u00c8RE DE COOKIES \u2013 SITE WEB Seventh Street by Safilo<\/h2>\n\t\t<p>\n\t\t\tLa pr\u00e9sente <strong>Politique en mati\u00e8re de cookies<\/strong> d\u00e9crit les modalit\u00e9s et les finalit\u00e9s selon lesquelles <strong>Safilo S.p.A.<\/strong>, dont le si\u00e8ge social est situ\u00e9 Via Settima\n\t\t\tStrada 15, 35129 Padoue, Italie, en qualit\u00e9 de <strong>Responsable du traitement<\/strong> (ci-apr\u00e8s le \u00ab Responsable \u00bb ou la \u00ab Soci\u00e9t\u00e9 \u00bb), traite les donn\u00e9es personnelles des utilisateurs (\u00ab\n\t\t\tUtilisateurs \u00bb) lors de la navigation sur le site <a href=\"https:\/\/www.seventhstreet.it\/fr\/\">https:\/\/www.seventhstreet.it\/fr\/<\/a> (ci-apr\u00e8s le \u00ab Site \u00bb), au moyen de cookies.\n\t\t<\/p>\n\t\t<p>\n\t\t\tLes informations contenues dans cette politique sont fournies conform\u00e9ment aux articles 13 et 14 du <strong>R\u00e8glement (UE) 2016\/679<\/strong> (\u00ab RGPD \u00bb) ainsi qu\u2019aux lignes directrices de\n\t\t\tl\u2019Autorit\u00e9 italienne de protection des donn\u00e9es et du Comit\u00e9 europ\u00e9en de la protection des donn\u00e9es.\n\t\t<\/p>\n\t\t<p>\n\t\t\tCette politique vise \u00e0 offrir \u00e0 l\u2019utilisateur toutes les informations n\u00e9cessaires sur l\u2019utilisation des cookies afin qu\u2019il puisse g\u00e9rer ses pr\u00e9f\u00e9rences de mani\u00e8re \u00e9clair\u00e9e. Le traitement des\n\t\t\tdonn\u00e9es personnelles est effectu\u00e9 conform\u00e9ment aux principes de <strong>transparence, lic\u00e9it\u00e9, loyaut\u00e9, proportionnalit\u00e9 et n\u00e9cessit\u00e9<\/strong>.\n\t\t<\/p>\n\t\t<p>\n\t\t\tPour plus d\u2019informations sur le traitement des donn\u00e9es personnelles, l\u2019utilisateur peut consulter la <strong>Politique de confidentialit\u00e9<\/strong> du Site disponible \u00e0 l\u2019adresse suivante :<br \/><a\n\t\t\t\thref=\"https:\/\/www.seventhstreet.it\/fr\/privacy-policy\/\"\n\t\t\t\t>https:\/\/www.seventhstreet.it\/fr\/privacy-policy\/<\/a\n\t\t\t>.\n\t\t<\/p>\n\n\t\t<h3>1. Coordonn\u00e9es du Responsable du traitement et du D\u00e9l\u00e9gu\u00e9 \u00e0 la protection des donn\u00e9es<\/h3>\n\t\t<p>\n\t\t\tLe Responsable du traitement est <strong>Safilo S.p.A.<\/strong>, dont le si\u00e8ge social est situ\u00e9 Via Settima Strada 15, 35129 Padoue, Italie.<br \/>Safilo a d\u00e9sign\u00e9 un\n\t\t\t<strong>D\u00e9l\u00e9gu\u00e9 \u00e0 la protection des donn\u00e9es (DPO)<\/strong>, joignable \u00e0 l\u2019adresse suivante : <strong>dpo@safilo.com<\/strong>.\n\t\t<\/p>\n\n\t\t<h3>2. Qu\u2019est-ce qu\u2019un cookie ?<\/h3>\n\t\t<p>\n\t\t\tUn <strong>cookie<\/strong> est un petit fichier texte contenant une quantit\u00e9 limit\u00e9e d\u2019informations \u00e9chang\u00e9es entre un site Internet et le terminal de l\u2019utilisateur (en g\u00e9n\u00e9ral le\n\t\t\tnavigateur).<br \/>Les cookies sont g\u00e9n\u00e9ralement utilis\u00e9s pour am\u00e9liorer la navigation, enregistrer les pr\u00e9f\u00e9rences ou envoyer des messages publicitaires correspondant aux centres d\u2019int\u00e9r\u00eat de\n\t\t\tl\u2019utilisateur.\n\t\t<\/p>\n\t\t<p>\n\t\t\tLorsque l\u2019utilisateur visite \u00e0 nouveau le site, le navigateur reconna\u00eet les cookies pr\u00e9c\u00e9demment enregistr\u00e9s et renvoie les informations au site d\u2019origine.<br \/>Certains cookies (<strong\n\t\t\t\t>cookies de session<\/strong\n\t\t\t>) sont supprim\u00e9s \u00e0 la fermeture du navigateur, tandis que d\u2019autres (<strong>cookies persistants<\/strong>) restent enregistr\u00e9s plus longtemps.\n\t\t<\/p>\n\t\t<p>\n\t\t\tDes <strong>cookies tiers<\/strong> peuvent \u00e9galement \u00eatre install\u00e9s par des services externes int\u00e9gr\u00e9s au site (par exemple des vid\u00e9os, des boutons de r\u00e9seaux sociaux ou des contenus embarqu\u00e9s).\n\t\t<\/p>\n\t\t<p>Il convient de noter que les <strong>cookies techniques<\/strong> sont indispensables au bon fonctionnement du site et que, sans eux, certaines fonctionnalit\u00e9s peuvent \u00eatre compromises.<\/p>\n\n\t\t<h3>3. Types de cookies utilis\u00e9s sur ce Site<\/h3>\n\t\t<h4>3.1. Cookies techniques (ne n\u00e9cessitent pas de consentement)<\/h4>\n\t\t<p>\n\t\t\tCes cookies sont essentiels pour permettre la navigation et l\u2019utilisation des fonctionnalit\u00e9s du Site (par exemple, l\u2019acc\u00e8s \u00e0 des zones s\u00e9curis\u00e9es).<br \/>Ils sont install\u00e9s directement par le\n\t\t\tResponsable du traitement et sont n\u00e9cessaires au fonctionnement du Site.\n\t\t<\/p>\n\t\t<h4>3.2. Cookies statistiques tiers (consentement non requis en cas de donn\u00e9es agr\u00e9g\u00e9es)<\/h4>\n\t\t<p>\n\t\t\tLe Site utilise des cookies statistiques pour collecter, de mani\u00e8re anonyme et agr\u00e9g\u00e9e, des informations sur la fa\u00e7on dont les utilisateurs interagissent avec les pages (par exemple, les pages\n\t\t\tvisit\u00e9es, le temps pass\u00e9).<br \/>Ces donn\u00e9es sont utilis\u00e9es \u00e0 des fins d\u2019analyse et d\u2019am\u00e9lioration du Site.<br \/>Le service utilis\u00e9 est <strong>Google Analytics<\/strong>.<br \/>Pour plus\n\t\t\td\u2019informations : <a href=\"http:\/\/www.google.com\/policies\/technologies\/cookies\/\">http:\/\/www.google.com\/policies\/technologies\/cookies\/<\/a>\n\t\t<\/p>\n\t\t<h4>3.3. Cookies marketing et de profilage (n\u00e9cessitent le consentement)<\/h4>\n\t\t<p>\n\t\t\tCes cookies servent \u00e0 suivre la navigation de l\u2019utilisateur afin de lui proposer des contenus publicitaires personnalis\u00e9s, en fonction de ses pr\u00e9f\u00e9rences.<br \/>Ils peuvent \u00eatre install\u00e9s par la\n\t\t\tSoci\u00e9t\u00e9 ou par des tiers partenaires du Site (par exemple, Google, Shopify, Vimeo).\n\t\t<\/p>\n\t\t<div class=\"tableContainer\">\n\t\t\t<div class=\"tableContent\">\n\t\t\t\t<table cellspacing=\"0\" cellpadding=\"0\">\n\t\t\t\t\t<tbody>\n\t\t\t\t\t\t<tr>\n\t\t\t\t\t\t\t<td>\n\t\t\t\t\t\t\t\t<p><strong>Nom<\/strong><\/p>\n\t\t\t\t\t\t\t<\/td>\n\t\t\t\t\t\t\t<td>\n\t\t\t\t\t\t\t\t<p><strong>Lien<\/strong><\/p>\n\t\t\t\t\t\t\t<\/td>\n\t\t\t\t\t\t\t<td>\n\t\t\t\t\t\t\t\t<p><strong>Type de cookie<\/strong><\/p>\n\t\t\t\t\t\t\t<\/td>\n\t\t\t\t\t\t<\/tr>\n\t\t\t\t\t\t<tr>\n\t\t\t\t\t\t\t<td>\n\t\t\t\t\t\t\t\t<p>Google Advertising Products<\/p>\n\t\t\t\t\t\t\t<\/td>\n\t\t\t\t\t\t\t<td>\n\t\t\t\t\t\t\t\t<p>https:\/\/policies.google.com\/privacy<\/p>\n\t\t\t\t\t\t\t<\/td>\n\t\t\t\t\t\t\t<td>\n\t\t\t\t\t\t\t\t<p>Marketing<\/p>\n\t\t\t\t\t\t\t<\/td>\n\t\t\t\t\t\t<\/tr>\n\t\t\t\t\t\t<tr>\n\t\t\t\t\t\t\t<td>\n\t\t\t\t\t\t\t\t<p>Google Analytics Products<\/p>\n\t\t\t\t\t\t\t<\/td>\n\t\t\t\t\t\t\t<td>\n\t\t\t\t\t\t\t\t<p>https:\/\/policies.google.com\/privacy<\/p>\n\t\t\t\t\t\t\t<\/td>\n\t\t\t\t\t\t\t<td>\n\t\t\t\t\t\t\t\t<p>Statistiques (tiers)<\/p>\n\t\t\t\t\t\t\t<\/td>\n\t\t\t\t\t\t<\/tr>\n\t\t\t\t\t\t<tr>\n\t\t\t\t\t\t\t<td>\n\t\t\t\t\t\t\t\t<p>WordPress<\/p>\n\t\t\t\t\t\t\t<\/td>\n\t\t\t\t\t\t\t<td>\n\t\t\t\t\t\t\t\t<p><a href=\"https:\/\/automattic.com\/privacy\/\">https:\/\/automattic.com\/privacy\/<\/a><\/p>\n\t\t\t\t\t\t\t<\/td>\n\t\t\t\t\t\t\t<td>\n\t\t\t\t\t\t\t\t<p>Statistiques<\/p>\n\t\t\t\t\t\t\t<\/td>\n\t\t\t\t\t\t<\/tr>\n\t\t\t\t\t\t<tr>\n\t\t\t\t\t\t\t<td>\n\t\t\t\t\t\t\t\t<p>Vimeo Inc.<\/p>\n\t\t\t\t\t\t\t<\/td>\n\t\t\t\t\t\t\t<td>\n\t\t\t\t\t\t\t\t<p>https:\/\/vimeo.com\/privacy<\/p>\n\t\t\t\t\t\t\t<\/td>\n\t\t\t\t\t\t\t<td>\n\t\t\t\t\t\t\t\t<p>Marketing<\/p>\n\t\t\t\t\t\t\t<\/td>\n\t\t\t\t\t\t<\/tr>\n\t\t\t\t\t<\/tbody>\n\t\t\t\t<\/table>\n\t\t\t<\/div>\n\t\t<\/div>\n\t\t<p>\n\t\t\tCes cookies ne sont activ\u00e9s qu\u2019apr\u00e8s l\u2019obtention du <strong>consentement explicite<\/strong> de l\u2019utilisateur via le bandeau d\u2019information affich\u00e9 lors de sa premi\u00e8re visite sur le Site.<br \/>L\u2019utilisateur\n\t\t\tpeut g\u00e9rer ou retirer son consentement \u00e0 tout moment via le lien figurant dans le pied de page du Site.\n\t\t<\/p>\n\t\t<h4>3.4. Liste compl\u00e8te des cookies utilis\u00e9s<\/h4>\n\t\t<p>\n\t\t\tCliquez <a href=\"https:\/\/www.seventhstreet.it\/wp-content\/uploads\/2025\/10\/trackers-seventh-street.pdf\" target=\"_blank\">ici<\/a> pour consulter la <strong>liste compl\u00e8te des cookies<\/strong> utilis\u00e9s sur le Site Seventh Street by Safilo<br \/>Cliquez <a href=\"https:\/\/www.seventhstreet.it\/wp-content\/uploads\/2025\/10\/vendors-seventh-street.pdf\" target=\"_blank\">ici<\/a> pour consulter la <strong>liste compl\u00e8te des fournisseurs<\/strong> figurant sur le Site Seventh Street by Safilo.\n\t\t<\/p>\n\n\t\t<h3>4. Gestion des cookies via le navigateur<\/h4>\n\t\t<p>\n\t\t\tL\u2019utilisateur peut g\u00e9rer ses pr\u00e9f\u00e9rences \u00e0 tout moment directement depuis les param\u00e8tres de son navigateur.<br \/>Les proc\u00e9dures peuvent varier en fonction du navigateur utilis\u00e9 ; les liens\n\t\t\tsuivants donnent acc\u00e8s aux guides correspondants :\n\t\t<\/p>\n\t\t<ul>\n\t\t\t<li><a href=\"https:\/\/support.microsoft.com\/it-it\/microsoft-edge\/eliminare-i-cookie-in-microsoft-edge-63947406-40ac-c3b8-57b9-2a946a29ae09\">Microsoft Edge<\/a><\/li>\n\t\t\t<li><a href=\"http:\/\/www.google.com\/intl\/it_it\/policies\/technologies\/managing\/\">Google Chrome<\/a><\/li>\n\t\t\t<li><a href=\"https:\/\/support.mozilla.org\/it\/products\/firefox\/protect-your-privacy\/cookies\">Mozilla Firefox<\/a><\/li>\n\t\t\t<li><a href=\"https:\/\/support.apple.com\/it-it\/HT201265\">Safari<\/a><\/li>\n\t\t<\/ul>\n\t\t<h3>5. Caract\u00e8re facultatif de la fourniture des donn\u00e9es<\/h4>\n\t\t<p>\n\t\t\tL\u2019utilisateur peut \u00e0 tout moment activer ou d\u00e9sactiver les cookies non techniques sans cons\u00e9quence sur la navigation.<br \/>En revanche, la d\u00e9sactivation des\n\t\t\t<strong>cookies techniques<\/strong> peut emp\u00eacher le bon fonctionnement du Site ou l\u2019acc\u00e8s \u00e0 certaines fonctionnalit\u00e9s.\n\t\t<\/p>\n\t\t<p>Le retrait du consentement pour les <strong>cookies marketing et de profilage<\/strong> ne compromet pas l\u2019acc\u00e8s au Site mais peut limiter la personnalisation des contenus et des offres.<\/p>\n\t\t<p>Un cookie technique est \u00e9galement utilis\u00e9 pour m\u00e9moriser les pr\u00e9f\u00e9rences exprim\u00e9es par l\u2019utilisateur ; si ce cookie est supprim\u00e9, les pr\u00e9f\u00e9rences devront \u00eatre d\u00e9finies \u00e0 nouveau.<\/p>\n\t\t<p>\n\t\t\tL\u2019utilisateur peut g\u00e9rer ses pr\u00e9f\u00e9rences publicitaires \u00e9galement via la plateforme http:\/\/www.youronlinechoices.com\/fr\/, propos\u00e9e par l\u2019<strong\n\t\t\t\t>European Digital Advertising Alliance (EDAA)<\/strong\n\t\t\t>.\n\t\t<\/p>\n\n\t\t<h3>6. Droits des utilisateurs<\/h3>\n\t\t<p>Conform\u00e9ment aux articles 15 \u00e0 22 du RGPD, l\u2019utilisateur dispose des droits suivants :<\/p>\n\t\t<ul>\n\t\t<li>acc\u00e9der \u00e0 ses donn\u00e9es et en obtenir une copie ;<\/li>\n\t\t<li>demander la rectification ou la mise \u00e0 jour des donn\u00e9es inexactes ;<\/li>\n\t\t<li>demander la suppression des donn\u00e9es ;<\/li>\n\t\t<li>obtenir la limitation du traitement ;<\/li>\n\t\t<li>recevoir ses donn\u00e9es dans un format structur\u00e9 et couramment utilis\u00e9 (portabilit\u00e9) ;<\/li>\n\t\t<li>retirer son consentement \u00e0 tout moment.<\/li>\n\t\t<\/ul>\n\t\t<p>L\u2019utilisateur peut \u00e9galement s\u2019opposer, pour des raisons l\u00e9gitimes, au traitement de ses donn\u00e9es personnelles.<\/p>\n\t\t<p>Pour exercer ses droits, il peut contacter le Responsable \u00e0 l\u2019adresse <strong>dataprotection@safilo.com<\/strong>.<br \/>En cas de violation pr\u00e9sum\u00e9e du RGPD, il a le droit d\u2019introduire une r\u00e9clamation aupr\u00e8s de l\u2019autorit\u00e9 de contr\u00f4le comp\u00e9tente.<\/p>\n\t\t<h3>7. Mise \u00e0 jour de la Politique<\/h3>\n\t\t<p>La pr\u00e9sente politique a \u00e9t\u00e9 mise \u00e0 jour le <strong>20 octobre 2025<\/strong>.<\/p>\n\t<\/div>\n<\/div>\n\n","protected":false},"excerpt":{"rendered":"<p>POLITIQUE EN MATI\u00c8RE DE COOKIES \u2013 SITE WEB Seventh Street by Safilo La pr\u00e9sente Politique en mati\u00e8re de cookies d\u00e9crit les modalit\u00e9s et les finalit\u00e9s selon lesquelles Safilo S.p.A., dont le si\u00e8ge social est situ\u00e9 Via Settima Strada 15, 35129 Padoue, Italie, en qualit\u00e9 de Responsable du traitement (ci-apr\u00e8s le \u00ab Responsable \u00bb ou la [&hellip;]<\/p>\n","protected":false},"author":1,"featured_media":0,"parent":0,"menu_order":0,"comment_status":"closed","ping_status":"closed","template":"","meta":{"_acf_changed":false,"inline_featured_image":false,"footnotes":""},"class_list":["post-9554","page","type-page","status-publish","hentry"],"acf":[],"yoast_head":"<!-- This site is optimized with the Yoast SEO plugin v26.4 - https:\/\/yoast.com\/wordpress\/plugins\/seo\/ -->\n<title>Cookie policy - Seventh Street by Safilo<\/title>\n<meta name=\"robots\" content=\"index, follow, max-snippet:-1, max-image-preview:large, max-video-preview:-1\" \/>\n<link rel=\"canonical\" href=\"https:\/\/www.seventhstreet.it\/fr\/cookie-policy\/\" \/>\n<meta property=\"og:locale\" content=\"fr_FR\" \/>\n<meta property=\"og:type\" content=\"article\" \/>\n<meta property=\"og:title\" content=\"Cookie policy - Seventh Street by Safilo\" \/>\n<meta property=\"og:description\" content=\"POLITIQUE EN MATI\u00c8RE DE COOKIES \u2013 SITE WEB Seventh Street by Safilo La pr\u00e9sente Politique en mati\u00e8re de cookies d\u00e9crit les modalit\u00e9s et les finalit\u00e9s selon lesquelles Safilo S.p.A., dont le si\u00e8ge social est situ\u00e9 Via Settima Strada 15, 35129 Padoue, Italie, en qualit\u00e9 de Responsable du traitement (ci-apr\u00e8s le \u00ab Responsable \u00bb ou la [&hellip;]\" \/>\n<meta property=\"og:url\" content=\"https:\/\/www.seventhstreet.it\/fr\/cookie-policy\/\" \/>\n<meta property=\"og:site_name\" content=\"Seventh Street by Safilo\" \/>\n<meta property=\"article:modified_time\" content=\"2025-10-23T08:56:32+00:00\" \/>\n<meta name=\"twitter:card\" content=\"summary_large_image\" \/>\n<meta name=\"twitter:label1\" content=\"Dur\u00e9e de lecture estim\u00e9e\" \/>\n\t<meta name=\"twitter:data1\" content=\"6 minutes\" \/>\n<script type=\"application\/ld+json\" class=\"yoast-schema-graph\">{\"@context\":\"https:\/\/schema.org\",\"@graph\":[{\"@type\":\"WebPage\",\"@id\":\"https:\/\/www.seventhstreet.it\/fr\/cookie-policy\/\",\"url\":\"https:\/\/www.seventhstreet.it\/fr\/cookie-policy\/\",\"name\":\"Cookie policy - Seventh Street by Safilo\",\"isPartOf\":{\"@id\":\"https:\/\/www.seventhstreet.it\/fr\/#website\"},\"datePublished\":\"2024-05-13T14:24:28+00:00\",\"dateModified\":\"2025-10-23T08:56:32+00:00\",\"inLanguage\":\"fr-FR\",\"potentialAction\":[{\"@type\":\"ReadAction\",\"target\":[\"https:\/\/www.seventhstreet.it\/fr\/cookie-policy\/\"]}]},{\"@type\":\"WebSite\",\"@id\":\"https:\/\/www.seventhstreet.it\/fr\/#website\",\"url\":\"https:\/\/www.seventhstreet.it\/fr\/\",\"name\":\"Seventh Street by Safilo\",\"description\":\"\",\"publisher\":{\"@id\":\"https:\/\/www.seventhstreet.it\/fr\/#organization\"},\"potentialAction\":[{\"@type\":\"SearchAction\",\"target\":{\"@type\":\"EntryPoint\",\"urlTemplate\":\"https:\/\/www.seventhstreet.it\/fr\/?s={search_term_string}\"},\"query-input\":{\"@type\":\"PropertyValueSpecification\",\"valueRequired\":true,\"valueName\":\"search_term_string\"}}],\"inLanguage\":\"fr-FR\"},{\"@type\":\"Organization\",\"@id\":\"https:\/\/www.seventhstreet.it\/fr\/#organization\",\"name\":\"Seventh Street by Safilo\",\"url\":\"https:\/\/www.seventhstreet.it\/fr\/\",\"logo\":{\"@type\":\"ImageObject\",\"inLanguage\":\"fr-FR\",\"@id\":\"https:\/\/www.seventhstreet.it\/fr\/#\/schema\/logo\/image\/\",\"url\":\"https:\/\/www.seventhstreet.it\/wp-content\/uploads\/2024\/02\/logo-safilo.svg\",\"contentUrl\":\"https:\/\/www.seventhstreet.it\/wp-content\/uploads\/2024\/02\/logo-safilo.svg\",\"width\":174,\"height\":46,\"caption\":\"Seventh Street by Safilo\"},\"image\":{\"@id\":\"https:\/\/www.seventhstreet.it\/fr\/#\/schema\/logo\/image\/\"}}]}<\/script>\n<!-- \/ Yoast SEO plugin. -->","yoast_head_json":{"title":"Cookie policy - Seventh Street by Safilo","robots":{"index":"index","follow":"follow","max-snippet":"max-snippet:-1","max-image-preview":"max-image-preview:large","max-video-preview":"max-video-preview:-1"},"canonical":"https:\/\/www.seventhstreet.it\/fr\/cookie-policy\/","og_locale":"fr_FR","og_type":"article","og_title":"Cookie policy - Seventh Street by Safilo","og_description":"POLITIQUE EN MATI\u00c8RE DE COOKIES \u2013 SITE WEB Seventh Street by Safilo La pr\u00e9sente Politique en mati\u00e8re de cookies d\u00e9crit les modalit\u00e9s et les finalit\u00e9s selon lesquelles Safilo S.p.A., dont le si\u00e8ge social est situ\u00e9 Via Settima Strada 15, 35129 Padoue, Italie, en qualit\u00e9 de Responsable du traitement (ci-apr\u00e8s le \u00ab Responsable \u00bb ou la [&hellip;]","og_url":"https:\/\/www.seventhstreet.it\/fr\/cookie-policy\/","og_site_name":"Seventh Street by Safilo","article_modified_time":"2025-10-23T08:56:32+00:00","twitter_card":"summary_large_image","twitter_misc":{"Dur\u00e9e de lecture estim\u00e9e":"6 minutes"},"schema":{"@context":"https:\/\/schema.org","@graph":[{"@type":"WebPage","@id":"https:\/\/www.seventhstreet.it\/fr\/cookie-policy\/","url":"https:\/\/www.seventhstreet.it\/fr\/cookie-policy\/","name":"Cookie policy - Seventh Street by Safilo","isPartOf":{"@id":"https:\/\/www.seventhstreet.it\/fr\/#website"},"datePublished":"2024-05-13T14:24:28+00:00","dateModified":"2025-10-23T08:56:32+00:00","inLanguage":"fr-FR","potentialAction":[{"@type":"ReadAction","target":["https:\/\/www.seventhstreet.it\/fr\/cookie-policy\/"]}]},{"@type":"WebSite","@id":"https:\/\/www.seventhstreet.it\/fr\/#website","url":"https:\/\/www.seventhstreet.it\/fr\/","name":"Seventh Street by Safilo","description":"","publisher":{"@id":"https:\/\/www.seventhstreet.it\/fr\/#organization"},"potentialAction":[{"@type":"SearchAction","target":{"@type":"EntryPoint","urlTemplate":"https:\/\/www.seventhstreet.it\/fr\/?s={search_term_string}"},"query-input":{"@type":"PropertyValueSpecification","valueRequired":true,"valueName":"search_term_string"}}],"inLanguage":"fr-FR"},{"@type":"Organization","@id":"https:\/\/www.seventhstreet.it\/fr\/#organization","name":"Seventh Street by Safilo","url":"https:\/\/www.seventhstreet.it\/fr\/","logo":{"@type":"ImageObject","inLanguage":"fr-FR","@id":"https:\/\/www.seventhstreet.it\/fr\/#\/schema\/logo\/image\/","url":"https:\/\/www.seventhstreet.it\/wp-content\/uploads\/2024\/02\/logo-safilo.svg","contentUrl":"https:\/\/www.seventhstreet.it\/wp-content\/uploads\/2024\/02\/logo-safilo.svg","width":174,"height":46,"caption":"Seventh Street by Safilo"},"image":{"@id":"https:\/\/www.seventhstreet.it\/fr\/#\/schema\/logo\/image\/"}}]}},"_links":{"self":[{"href":"https:\/\/www.seventhstreet.it\/fr\/wp-json\/wp\/v2\/pages\/9554","targetHints":{"allow":["GET"]}}],"collection":[{"href":"https:\/\/www.seventhstreet.it\/fr\/wp-json\/wp\/v2\/pages"}],"about":[{"href":"https:\/\/www.seventhstreet.it\/fr\/wp-json\/wp\/v2\/types\/page"}],"author":[{"embeddable":true,"href":"https:\/\/www.seventhstreet.it\/fr\/wp-json\/wp\/v2\/users\/1"}],"replies":[{"embeddable":true,"href":"https:\/\/www.seventhstreet.it\/fr\/wp-json\/wp\/v2\/comments?post=9554"}],"version-history":[{"count":4,"href":"https:\/\/www.seventhstreet.it\/fr\/wp-json\/wp\/v2\/pages\/9554\/revisions"}],"predecessor-version":[{"id":19705,"href":"https:\/\/www.seventhstreet.it\/fr\/wp-json\/wp\/v2\/pages\/9554\/revisions\/19705"}],"wp:attachment":[{"href":"https:\/\/www.seventhstreet.it\/fr\/wp-json\/wp\/v2\/media?parent=9554"}],"curies":[{"name":"wp","href":"https:\/\/api.w.org\/{rel}","templated":true}]}}